{"id":906,"date":"2025-08-06T03:11:45","date_gmt":"2025-08-06T03:11:45","guid":{"rendered":"https:\/\/teknodesarrollo.com\/?post_type=product&#038;p=906"},"modified":"2026-01-05T16:57:08","modified_gmt":"2026-01-05T16:57:08","slug":"portarrollo-smart-maxi-humo","status":"publish","type":"product","link":"https:\/\/teknodesarrollo.com\/?product=portarrollo-smart-maxi-humo","title":{"rendered":"AE77403  PORTARROLLO SMART MAXI HUMO"},"content":{"rendered":"<p><strong>Componentes y Materiales:<\/strong><\/p>\n<ul>\n<li>\u00a0Fabricado en ABS la base<\/li>\n<li>\u00a0Fabricado en CET la tapa<\/li>\n<li>\u00a0Incluye Kit de instalaci\u00f3n<\/li>\n<\/ul>\n<p>&nbsp;<\/p>\n<p><strong>Caracter\u00edsticas T\u00e9cnicas<\/strong><\/p>\n<p><strong style=\"font-style: inherit;\">Dimensiones en Mil\u00edmetros:<\/strong>\u00a0<strong style=\"font-style: inherit;\">Alto:<\/strong>\u00a0338\u00a0<strong style=\"font-style: inherit;\">Ancho:<\/strong>\u00a0332\u00a0<strong style=\"font-style: inherit;\">Fondo:<\/strong>\u00a0125<\/p>\n<p><strong style=\"font-style: inherit;\">Dimensiones en Pulgadas:<\/strong>\u00a0<strong style=\"font-style: inherit;\">Alto:<\/strong>\u00a013.30\u2033\u00a0<strong style=\"font-style: inherit;\">Alto:<\/strong>\u00a013.07\u2033\u00a0<strong style=\"font-style: inherit;\">Fondo:<\/strong>\u00a04.92\u2033<\/p>\n<p><strong style=\"font-style: inherit;\">Capacidad:\u00a0<\/strong>1 rollo de 10\u2033<\/p>\n<p><strong style=\"font-style: inherit;\">Cantidad expedida:<\/strong><span style=\"font-style: inherit; font-weight: inherit;\">\u00a0A Conveniencia<\/span><\/p>\n<p><strong style=\"font-style: inherit;\">Peso:<\/strong>\u00a0668 gr. \/ 1.47 lb<\/p>\n<p><strong style=\"font-style: inherit;\">Contenido por caja:<\/strong>\u00a01<\/p>\n<p><strong style=\"font-style: inherit;\">Acabado:<\/strong>\u00a0Liso<\/p>\n","protected":false},"excerpt":{"rendered":"<p>AE77403<\/p>\n<p><strong>PORTARROLLO SMART MAXI HUMO<\/strong><\/p>\n<p>Dispensador de papel higi\u00e9nico en color humo, capacidad para un rollo.<br \/>\nFabricado en pl\u00e1stico ABS y dise\u00f1ado para instalaciones de alto tr\u00e1fico.<\/p>\n","protected":false},"featured_media":907,"comment_status":"open","ping_status":"closed","template":"","meta":{"_uag_custom_page_level_css":"","site-sidebar-layout":"default","site-content-layout":"","ast-site-content-layout":"default","site-content-style":"default","site-sidebar-style":"default","ast-global-header-display":"","ast-banner-title-visibility":"","ast-main-header-display":"","ast-hfb-above-header-display":"","ast-hfb-below-header-display":"","ast-hfb-mobile-header-display":"","site-post-title":"","ast-breadcrumbs-content":"","ast-featured-img":"","footer-sml-layout":"","theme-transparent-header-meta":"default","adv-header-id-meta":"","stick-header-meta":"","header-above-stick-meta":"","header-main-stick-meta":"","header-below-stick-meta":"","astra-migrate-meta-layouts":"set","ast-page-background-enabled":"default","ast-page-background-meta":{"desktop":{"background-color":"var(--ast-global-color-5)","background-image":"","background-repeat":"repeat","background-position":"center center","background-size":"auto","background-attachment":"scroll","background-type":"","background-media":"","overlay-type":"","overlay-color":"","overlay-opacity":"","overlay-gradient":""},"tablet":{"background-color":"","background-image":"","background-repeat":"repeat","background-position":"center center","background-size":"auto","background-attachment":"scroll","background-type":"","background-media":"","overlay-type":"","overlay-color":"","overlay-opacity":"","overlay-gradient":""},"mobile":{"background-color":"","background-image":"","background-repeat":"repeat","background-position":"center center","background-size":"auto","background-attachment":"scroll","background-type":"","background-media":"","overlay-type":"","overlay-color":"","overlay-opacity":"","overlay-gradient":""}},"ast-content-background-meta":{"desktop":{"background-color":"var(--ast-global-color-4)","background-image":"","background-repeat":"repeat","background-position":"center center","background-size":"auto","background-attachment":"scroll","background-type":"","background-media":"","overlay-type":"","overlay-color":"","overlay-opacity":"","overlay-gradient":""},"tablet":{"background-color":"var(--ast-global-color-4)","background-image":"","background-repeat":"repeat","background-position":"center center","background-size":"auto","background-attachment":"scroll","background-type":"","background-media":"","overlay-type":"","overlay-color":"","overlay-opacity":"","overlay-gradient":""},"mobile":{"background-color":"var(--ast-global-color-4)","background-image":"","background-repeat":"repeat","background-position":"center center","background-size":"auto","background-attachment":"scroll","background-type":"","background-media":"","overlay-type":"","overlay-color":"","overlay-opacity":"","overlay-gradient":""}},"_joinchat":[]},"product_brand":[],"product_cat":[44],"product_tag":[],"class_list":{"0":"post-906","1":"product","2":"type-product","3":"status-publish","4":"has-post-thumbnail","6":"product_cat-dispensadores-de-papel-higienico","7":"desktop-align-left","8":"tablet-align-left","9":"mobile-align-left","11":"first","12":"instock","13":"shipping-taxable","14":"product-type-simple"},"uagb_featured_image_src":{"full":["https:\/\/teknodesarrollo.com\/wp-content\/uploads\/2025\/08\/AE77403-500x500-1.jpg",500,500,false],"thumbnail":["https:\/\/teknodesarrollo.com\/wp-content\/uploads\/2025\/08\/AE77403-500x500-1-150x150.jpg",150,150,true],"medium":["https:\/\/teknodesarrollo.com\/wp-content\/uploads\/2025\/08\/AE77403-500x500-1-300x300.jpg",300,300,true],"medium_large":["https:\/\/teknodesarrollo.com\/wp-content\/uploads\/2025\/08\/AE77403-500x500-1.jpg",500,500,false],"large":["https:\/\/teknodesarrollo.com\/wp-content\/uploads\/2025\/08\/AE77403-500x500-1.jpg",500,500,false],"1536x1536":["https:\/\/teknodesarrollo.com\/wp-content\/uploads\/2025\/08\/AE77403-500x500-1.jpg",500,500,false],"2048x2048":["https:\/\/teknodesarrollo.com\/wp-content\/uploads\/2025\/08\/AE77403-500x500-1.jpg",500,500,false],"mailpoet_newsletter_max":["https:\/\/teknodesarrollo.com\/wp-content\/uploads\/2025\/08\/AE77403-500x500-1.jpg",500,500,false],"woocommerce_thumbnail":["https:\/\/teknodesarrollo.com\/wp-content\/uploads\/2025\/08\/AE77403-500x500-1-300x300.jpg",300,300,true],"woocommerce_single":["https:\/\/teknodesarrollo.com\/wp-content\/uploads\/2025\/08\/AE77403-500x500-1.jpg",500,500,false],"woocommerce_gallery_thumbnail":["https:\/\/teknodesarrollo.com\/wp-content\/uploads\/2025\/08\/AE77403-500x500-1-100x100.jpg",100,100,true]},"uagb_author_info":{"display_name":"tekno","author_link":"https:\/\/teknodesarrollo.com\/?author=0"},"uagb_comment_info":3,"uagb_excerpt":"AE77403 PORTARROLLO SMART MAXI HUMO Dispensador de papel higi\u00e9nico en color humo, capacidad para un rollo. Fabricado en pl\u00e1stico ABS y dise\u00f1ado para instalaciones de alto tr\u00e1fico.","jetpack_sharing_enabled":true,"_links":{"self":[{"href":"https:\/\/teknodesarrollo.com\/index.php?rest_route=\/wp\/v2\/product\/906","targetHints":{"allow":["GET"]}}],"collection":[{"href":"https:\/\/teknodesarrollo.com\/index.php?rest_route=\/wp\/v2\/product"}],"about":[{"href":"https:\/\/teknodesarrollo.com\/index.php?rest_route=\/wp\/v2\/types\/product"}],"replies":[{"embeddable":true,"href":"https:\/\/teknodesarrollo.com\/index.php?rest_route=%2Fwp%2Fv2%2Fcomments&post=906"}],"wp:featuredmedia":[{"embeddable":true,"href":"https:\/\/teknodesarrollo.com\/index.php?rest_route=\/wp\/v2\/media\/907"}],"wp:attachment":[{"href":"https:\/\/teknodesarrollo.com\/index.php?rest_route=%2Fwp%2Fv2%2Fmedia&parent=906"}],"wp:term":[{"taxonomy":"product_brand","embeddable":true,"href":"https:\/\/teknodesarrollo.com\/index.php?rest_route=%2Fwp%2Fv2%2Fproduct_brand&post=906"},{"taxonomy":"product_cat","embeddable":true,"href":"https:\/\/teknodesarrollo.com\/index.php?rest_route=%2Fwp%2Fv2%2Fproduct_cat&post=906"},{"taxonomy":"product_tag","embeddable":true,"href":"https:\/\/teknodesarrollo.com\/index.php?rest_route=%2Fwp%2Fv2%2Fproduct_tag&post=906"}],"curies":[{"name":"wp","href":"https:\/\/api.w.org\/{rel}","templated":true}]}}