{"id":639,"date":"2025-08-02T06:38:02","date_gmt":"2025-08-02T06:38:02","guid":{"rendered":"https:\/\/teknodesarrollo.com\/?post_type=product&#038;p=639"},"modified":"2025-10-18T04:59:40","modified_gmt":"2025-10-18T04:59:40","slug":"dispensador-de-toalla-de-papel-automatico-altera","status":"publish","type":"product","link":"https:\/\/teknodesarrollo.com\/?product=dispensador-de-toalla-de-papel-automatico-altera","title":{"rendered":"DISPENSADOR DE TOALLA DE PAPEL AUTOM\u00c1TICO ALTERA"},"content":{"rendered":"<p><strong>Componentes y Materiales:<\/strong><\/p>\n<ul>\n<li>\u00a0Fabricado en ABS la tapa y base<\/li>\n<li>\u00a0Tiene mecanismo el\u00e9ctrico de rodillos el cual evita que el papel se atore<\/li>\n<li>\u00a0No incluye bater\u00edas<\/li>\n<li>\u00a0Incluye Kit de instalaci\u00f3n<\/li>\n<\/ul>\n<p>&nbsp;<\/p>\n<p><strong>Caracter\u00edsticas T\u00e9cnicas<\/strong><\/p>\n<p style=\"font-style: inherit; font-weight: inherit;\"><strong style=\"font-style: inherit;\">Dimensiones en Mil\u00edmetros:<\/strong>\u00a0<strong style=\"font-style: inherit;\">Alto:<\/strong>\u00a0365\u00a0<strong style=\"font-style: inherit;\">Ancho:<\/strong>\u00a0285\u00a0<strong style=\"font-style: inherit;\">Fondo:<\/strong>\u00a0245<\/p>\n<p style=\"font-style: inherit; font-weight: inherit;\"><strong style=\"font-style: inherit;\">Dimensiones en Pulgadas:<\/strong>\u00a0<strong style=\"font-style: inherit;\">Alto:<\/strong>\u00a014.37\u2033\u00a0<strong style=\"font-style: inherit;\">Alto:<\/strong>\u00a011.22\u2033\u00a0<strong style=\"font-style: inherit;\">Fondo:<\/strong>\u00a09.64\u2033<\/p>\n<p style=\"font-style: inherit; font-weight: inherit;\"><strong style=\"font-style: inherit;\">Capacidad:<\/strong>\u00a0Rollo de toalla de papel de 180 m<\/p>\n<p style=\"font-style: inherit; font-weight: inherit;\"><strong style=\"font-style: inherit;\">Cantidad expedida:<\/strong>\u00a036.5 cm. \u00f3 48 cm.<\/p>\n<p style=\"font-style: inherit; font-weight: inherit;\"><strong style=\"font-style: inherit;\">Peso:<\/strong>\u00a02,371 gr. \/ 5.22 lb<\/p>\n<p style=\"font-style: inherit; font-weight: inherit;\"><strong style=\"font-style: inherit;\">Contenido por caja:<\/strong>\u00a01 pieza por caja.<\/p>\n<p style=\"font-style: inherit; font-weight: inherit;\"><strong style=\"font-style: inherit;\">Acabado:<\/strong>\u00a0Texturizado<\/p>\n<p>&nbsp;<\/p>\n","protected":false},"excerpt":{"rendered":"<p>PT72000<\/p>\n<p><strong>DISPENSADOR DE TOALLA DE PAPEL AUTOM\u00c1TICO ALTERA<\/strong><\/p>\n<p>Dispensador de toalla en rollo autom\u00e1tico con cerradura de seguridad. Despacha el papel por medio de un sensor de presencia.<\/p>\n<p>Funciona con bater\u00edas o mediante uso de alimentador. Fabricado en ABS<\/p>\n","protected":false},"featured_media":640,"comment_status":"open","ping_status":"closed","template":"","meta":{"_uag_custom_page_level_css":"","site-sidebar-layout":"default","site-content-layout":"","ast-site-content-layout":"default","site-content-style":"default","site-sidebar-style":"default","ast-global-header-display":"","ast-banner-title-visibility":"","ast-main-header-display":"","ast-hfb-above-header-display":"","ast-hfb-below-header-display":"","ast-hfb-mobile-header-display":"","site-post-title":"","ast-breadcrumbs-content":"","ast-featured-img":"","footer-sml-layout":"","theme-transparent-header-meta":"default","adv-header-id-meta":"","stick-header-meta":"","header-above-stick-meta":"","header-main-stick-meta":"","header-below-stick-meta":"","astra-migrate-meta-layouts":"set","ast-page-background-enabled":"default","ast-page-background-meta":{"desktop":{"background-color":"var(--ast-global-color-5)","background-image":"","background-repeat":"repeat","background-position":"center center","background-size":"auto","background-attachment":"scroll","background-type":"","background-media":"","overlay-type":"","overlay-color":"","overlay-opacity":"","overlay-gradient":""},"tablet":{"background-color":"","background-image":"","background-repeat":"repeat","background-position":"center center","background-size":"auto","background-attachment":"scroll","background-type":"","background-media":"","overlay-type":"","overlay-color":"","overlay-opacity":"","overlay-gradient":""},"mobile":{"background-color":"","background-image":"","background-repeat":"repeat","background-position":"center center","background-size":"auto","background-attachment":"scroll","background-type":"","background-media":"","overlay-type":"","overlay-color":"","overlay-opacity":"","overlay-gradient":""}},"ast-content-background-meta":{"desktop":{"background-color":"var(--ast-global-color-4)","background-image":"","background-repeat":"repeat","background-position":"center center","background-size":"auto","background-attachment":"scroll","background-type":"","background-media":"","overlay-type":"","overlay-color":"","overlay-opacity":"","overlay-gradient":""},"tablet":{"background-color":"var(--ast-global-color-4)","background-image":"","background-repeat":"repeat","background-position":"center center","background-size":"auto","background-attachment":"scroll","background-type":"","background-media":"","overlay-type":"","overlay-color":"","overlay-opacity":"","overlay-gradient":""},"mobile":{"background-color":"var(--ast-global-color-4)","background-image":"","background-repeat":"repeat","background-position":"center center","background-size":"auto","background-attachment":"scroll","background-type":"","background-media":"","overlay-type":"","overlay-color":"","overlay-opacity":"","overlay-gradient":""}},"_joinchat":[]},"product_brand":[],"product_cat":[42],"product_tag":[],"class_list":{"0":"post-639","1":"product","2":"type-product","3":"status-publish","4":"has-post-thumbnail","6":"product_cat-dispensadores-automaticos","7":"desktop-align-left","8":"tablet-align-left","9":"mobile-align-left","11":"first","12":"instock","13":"shipping-taxable","14":"product-type-simple"},"uagb_featured_image_src":{"full":["https:\/\/teknodesarrollo.com\/wp-content\/uploads\/2025\/08\/PT72000.jpg",1000,1000,false],"thumbnail":["https:\/\/teknodesarrollo.com\/wp-content\/uploads\/2025\/08\/PT72000-150x150.jpg",150,150,true],"medium":["https:\/\/teknodesarrollo.com\/wp-content\/uploads\/2025\/08\/PT72000-300x300.jpg",300,300,true],"medium_large":["https:\/\/teknodesarrollo.com\/wp-content\/uploads\/2025\/08\/PT72000-768x768.jpg",768,768,true],"large":["https:\/\/teknodesarrollo.com\/wp-content\/uploads\/2025\/08\/PT72000.jpg",1000,1000,false],"1536x1536":["https:\/\/teknodesarrollo.com\/wp-content\/uploads\/2025\/08\/PT72000.jpg",1000,1000,false],"2048x2048":["https:\/\/teknodesarrollo.com\/wp-content\/uploads\/2025\/08\/PT72000.jpg",1000,1000,false],"mailpoet_newsletter_max":["https:\/\/teknodesarrollo.com\/wp-content\/uploads\/2025\/08\/PT72000.jpg",1000,1000,false],"woocommerce_thumbnail":["https:\/\/teknodesarrollo.com\/wp-content\/uploads\/2025\/08\/PT72000-300x300.jpg",300,300,true],"woocommerce_single":["https:\/\/teknodesarrollo.com\/wp-content\/uploads\/2025\/08\/PT72000-600x600.jpg",600,600,true],"woocommerce_gallery_thumbnail":["https:\/\/teknodesarrollo.com\/wp-content\/uploads\/2025\/08\/PT72000-100x100.jpg",100,100,true]},"uagb_author_info":{"display_name":"tekno","author_link":"https:\/\/teknodesarrollo.com\/?author=0"},"uagb_comment_info":1,"uagb_excerpt":"PT72000 DISPENSADOR DE TOALLA DE PAPEL AUTOM\u00c1TICO ALTERA Dispensador de toalla en rollo autom\u00e1tico con cerradura de seguridad. Despacha el papel por medio de un sensor de presencia. Funciona con bater\u00edas o mediante uso de alimentador. Fabricado en ABS","jetpack_sharing_enabled":true,"_links":{"self":[{"href":"https:\/\/teknodesarrollo.com\/index.php?rest_route=\/wp\/v2\/product\/639","targetHints":{"allow":["GET"]}}],"collection":[{"href":"https:\/\/teknodesarrollo.com\/index.php?rest_route=\/wp\/v2\/product"}],"about":[{"href":"https:\/\/teknodesarrollo.com\/index.php?rest_route=\/wp\/v2\/types\/product"}],"replies":[{"embeddable":true,"href":"https:\/\/teknodesarrollo.com\/index.php?rest_route=%2Fwp%2Fv2%2Fcomments&post=639"}],"wp:featuredmedia":[{"embeddable":true,"href":"https:\/\/teknodesarrollo.com\/index.php?rest_route=\/wp\/v2\/media\/640"}],"wp:attachment":[{"href":"https:\/\/teknodesarrollo.com\/index.php?rest_route=%2Fwp%2Fv2%2Fmedia&parent=639"}],"wp:term":[{"taxonomy":"product_brand","embeddable":true,"href":"https:\/\/teknodesarrollo.com\/index.php?rest_route=%2Fwp%2Fv2%2Fproduct_brand&post=639"},{"taxonomy":"product_cat","embeddable":true,"href":"https:\/\/teknodesarrollo.com\/index.php?rest_route=%2Fwp%2Fv2%2Fproduct_cat&post=639"},{"taxonomy":"product_tag","embeddable":true,"href":"https:\/\/teknodesarrollo.com\/index.php?rest_route=%2Fwp%2Fv2%2Fproduct_tag&post=639"}],"curies":[{"name":"wp","href":"https:\/\/api.w.org\/{rel}","templated":true}]}}