{"id":602,"date":"2025-08-01T06:34:38","date_gmt":"2025-08-01T06:34:38","guid":{"rendered":"https:\/\/teknodesarrollo.com\/?post_type=product&#038;p=602"},"modified":"2025-10-18T05:17:18","modified_gmt":"2025-10-18T05:17:18","slug":"dispensador-de-toalla-de-papel-pre-corte-acero-inoxidable","status":"publish","type":"product","link":"https:\/\/teknodesarrollo.com\/?product=dispensador-de-toalla-de-papel-pre-corte-acero-inoxidable","title":{"rendered":"DISPENSADOR DE TOALLA DE PAPEL PRE-CORTE ACERO INOXIDABLE"},"content":{"rendered":"<p><strong>Componentes y Materiales:<\/strong><\/p>\n<ul>\n<li>Fabricado en ABS y acero inox<\/li>\n<li>Tiene mecanismo de rodillos el cual evita que el papel se atore<\/li>\n<li>Incluye Kit de instalaci\u00f3n<\/li>\n<\/ul>\n<ul>\n<li><strong>Caracter\u00edsticas T\u00e9cnicas<\/strong><\/li>\n<li style=\"font-style: inherit; font-weight: inherit;\"><strong style=\"font-style: inherit;\">Dimensiones en Mil\u00edmetros:<\/strong><strong style=\"font-style: inherit;\">Alto:<\/strong>\u00a0360\u00a0<strong style=\"font-style: inherit;\">Ancho:<\/strong>\u00a0285\u00a0<strong style=\"font-style: inherit;\">Fondo:<\/strong>\u00a0235<\/li>\n<li style=\"font-style: inherit; font-weight: inherit;\"><strong style=\"font-style: inherit;\">Dimensiones en Pulgadas:<\/strong><strong style=\"font-style: inherit;\">Alto:<\/strong>17\u2033\u00a0<strong style=\"font-style: inherit;\">Alto:<\/strong>\u00a011.22\u2033\u00a0<strong style=\"font-style: inherit;\">Fondo:<\/strong>\u00a09.25\u2033<\/li>\n<li style=\"font-style: inherit; font-weight: inherit;\"><strong style=\"font-style: inherit;\">Capacidad:\u00a0<\/strong>Rollo de toalla de papel de 180m<\/li>\n<li style=\"font-style: inherit; font-weight: inherit;\"><strong style=\"font-style: inherit;\">Cantidad expedida:<\/strong><span style=\"font-style: inherit; font-weight: inherit;\">27 cm. Aproximadamente<\/span><\/li>\n<li style=\"font-style: inherit; font-weight: inherit;\"><strong style=\"font-style: inherit;\">Peso:<\/strong>3,290 gr. \/ 7.25 lb<\/li>\n<li style=\"font-style: inherit; font-weight: inherit;\"><strong style=\"font-style: inherit;\">Contenido por caja:<\/strong>1<\/li>\n<li style=\"font-style: inherit; font-weight: inherit;\"><strong style=\"font-style: inherit;\">Acabado:<\/strong>Satinado<\/li>\n<\/ul>\n<p>&nbsp;<\/p>\n","protected":false},"excerpt":{"rendered":"<p>AG59000<\/p>\n<p><strong>DISPENSADOR DE TOALLA DE PAPEL PRE-CORTE ACERO INOXIDABLE<\/strong><\/p>\n<p>Dispensador de toalla. Base negra y tapa satinada con visor para observar consumo de papel.<\/p>\n<p>Es un producto que cuyo funcionamiento es sin palanca, ni manivela, ni bater\u00eda, ni corriente el\u00e9ctrica. Recomendado para lugares de alta rotaci\u00f3n.<\/p>\n","protected":false},"featured_media":603,"comment_status":"open","ping_status":"closed","template":"","meta":{"_uag_custom_page_level_css":"","site-sidebar-layout":"default","site-content-layout":"","ast-site-content-layout":"default","site-content-style":"default","site-sidebar-style":"default","ast-global-header-display":"","ast-banner-title-visibility":"","ast-main-header-display":"","ast-hfb-above-header-display":"","ast-hfb-below-header-display":"","ast-hfb-mobile-header-display":"","site-post-title":"","ast-breadcrumbs-content":"","ast-featured-img":"","footer-sml-layout":"","theme-transparent-header-meta":"default","adv-header-id-meta":"","stick-header-meta":"","header-above-stick-meta":"","header-main-stick-meta":"","header-below-stick-meta":"","astra-migrate-meta-layouts":"set","ast-page-background-enabled":"default","ast-page-background-meta":{"desktop":{"background-color":"var(--ast-global-color-5)","background-image":"","background-repeat":"repeat","background-position":"center center","background-size":"auto","background-attachment":"scroll","background-type":"","background-media":"","overlay-type":"","overlay-color":"","overlay-opacity":"","overlay-gradient":""},"tablet":{"background-color":"","background-image":"","background-repeat":"repeat","background-position":"center center","background-size":"auto","background-attachment":"scroll","background-type":"","background-media":"","overlay-type":"","overlay-color":"","overlay-opacity":"","overlay-gradient":""},"mobile":{"background-color":"","background-image":"","background-repeat":"repeat","background-position":"center center","background-size":"auto","background-attachment":"scroll","background-type":"","background-media":"","overlay-type":"","overlay-color":"","overlay-opacity":"","overlay-gradient":""}},"ast-content-background-meta":{"desktop":{"background-color":"var(--ast-global-color-4)","background-image":"","background-repeat":"repeat","background-position":"center center","background-size":"auto","background-attachment":"scroll","background-type":"","background-media":"","overlay-type":"","overlay-color":"","overlay-opacity":"","overlay-gradient":""},"tablet":{"background-color":"var(--ast-global-color-4)","background-image":"","background-repeat":"repeat","background-position":"center center","background-size":"auto","background-attachment":"scroll","background-type":"","background-media":"","overlay-type":"","overlay-color":"","overlay-opacity":"","overlay-gradient":""},"mobile":{"background-color":"var(--ast-global-color-4)","background-image":"","background-repeat":"repeat","background-position":"center center","background-size":"auto","background-attachment":"scroll","background-type":"","background-media":"","overlay-type":"","overlay-color":"","overlay-opacity":"","overlay-gradient":""}},"_joinchat":[]},"product_brand":[],"product_cat":[41],"product_tag":[],"class_list":{"0":"post-602","1":"product","2":"type-product","3":"status-publish","4":"has-post-thumbnail","6":"product_cat-dispensadores-con-precorte","7":"desktop-align-left","8":"tablet-align-left","9":"mobile-align-left","11":"first","12":"instock","13":"shipping-taxable","14":"product-type-simple"},"uagb_featured_image_src":{"full":["https:\/\/teknodesarrollo.com\/wp-content\/uploads\/2025\/08\/AG59000.jpg",1000,1000,false],"thumbnail":["https:\/\/teknodesarrollo.com\/wp-content\/uploads\/2025\/08\/AG59000-150x150.jpg",150,150,true],"medium":["https:\/\/teknodesarrollo.com\/wp-content\/uploads\/2025\/08\/AG59000-300x300.jpg",300,300,true],"medium_large":["https:\/\/teknodesarrollo.com\/wp-content\/uploads\/2025\/08\/AG59000-768x768.jpg",768,768,true],"large":["https:\/\/teknodesarrollo.com\/wp-content\/uploads\/2025\/08\/AG59000.jpg",1000,1000,false],"1536x1536":["https:\/\/teknodesarrollo.com\/wp-content\/uploads\/2025\/08\/AG59000.jpg",1000,1000,false],"2048x2048":["https:\/\/teknodesarrollo.com\/wp-content\/uploads\/2025\/08\/AG59000.jpg",1000,1000,false],"mailpoet_newsletter_max":["https:\/\/teknodesarrollo.com\/wp-content\/uploads\/2025\/08\/AG59000.jpg",1000,1000,false],"woocommerce_thumbnail":["https:\/\/teknodesarrollo.com\/wp-content\/uploads\/2025\/08\/AG59000-300x300.jpg",300,300,true],"woocommerce_single":["https:\/\/teknodesarrollo.com\/wp-content\/uploads\/2025\/08\/AG59000-600x600.jpg",600,600,true],"woocommerce_gallery_thumbnail":["https:\/\/teknodesarrollo.com\/wp-content\/uploads\/2025\/08\/AG59000-100x100.jpg",100,100,true]},"uagb_author_info":{"display_name":"tekno","author_link":"https:\/\/teknodesarrollo.com\/?author=0"},"uagb_comment_info":3,"uagb_excerpt":"AG59000 DISPENSADOR DE TOALLA DE PAPEL PRE-CORTE ACERO INOXIDABLE Dispensador de toalla. Base negra y tapa satinada con visor para observar consumo de papel. Es un producto que cuyo funcionamiento es sin palanca, ni manivela, ni bater\u00eda, ni corriente el\u00e9ctrica. Recomendado para lugares de alta rotaci\u00f3n.","jetpack_sharing_enabled":true,"_links":{"self":[{"href":"https:\/\/teknodesarrollo.com\/index.php?rest_route=\/wp\/v2\/product\/602","targetHints":{"allow":["GET"]}}],"collection":[{"href":"https:\/\/teknodesarrollo.com\/index.php?rest_route=\/wp\/v2\/product"}],"about":[{"href":"https:\/\/teknodesarrollo.com\/index.php?rest_route=\/wp\/v2\/types\/product"}],"replies":[{"embeddable":true,"href":"https:\/\/teknodesarrollo.com\/index.php?rest_route=%2Fwp%2Fv2%2Fcomments&post=602"}],"wp:featuredmedia":[{"embeddable":true,"href":"https:\/\/teknodesarrollo.com\/index.php?rest_route=\/wp\/v2\/media\/603"}],"wp:attachment":[{"href":"https:\/\/teknodesarrollo.com\/index.php?rest_route=%2Fwp%2Fv2%2Fmedia&parent=602"}],"wp:term":[{"taxonomy":"product_brand","embeddable":true,"href":"https:\/\/teknodesarrollo.com\/index.php?rest_route=%2Fwp%2Fv2%2Fproduct_brand&post=602"},{"taxonomy":"product_cat","embeddable":true,"href":"https:\/\/teknodesarrollo.com\/index.php?rest_route=%2Fwp%2Fv2%2Fproduct_cat&post=602"},{"taxonomy":"product_tag","embeddable":true,"href":"https:\/\/teknodesarrollo.com\/index.php?rest_route=%2Fwp%2Fv2%2Fproduct_tag&post=602"}],"curies":[{"name":"wp","href":"https:\/\/api.w.org\/{rel}","templated":true}]}}