{"id":554,"date":"2025-07-30T05:27:28","date_gmt":"2025-07-30T05:27:28","guid":{"rendered":"https:\/\/teknodesarrollo.com\/?post_type=product&#038;p=554"},"modified":"2026-01-05T16:52:43","modified_gmt":"2026-01-05T16:52:43","slug":"dispensador-de-jabon-futura-rellenable-satinado-acero-inoxidable","status":"publish","type":"product","link":"https:\/\/teknodesarrollo.com\/?product=dispensador-de-jabon-futura-rellenable-satinado-acero-inoxidable","title":{"rendered":"DISPENSADOR DE JAB\u00d3N FUTURA RELLENABLE SATINADO ACERO INOXIDABLE"},"content":{"rendered":"<h6>Componentes y Materiales:<\/h6>\n<h6>\u00a0Fabricado en ABS la Base<\/h6>\n<h6>\u00a0Pulsador en Pl\u00e1stico ABS + Recubrimiento cromado<\/h6>\n<h6>\u00a0Tapa y carcasa fabricada en acero inox. Satinado (AISI 304)<\/h6>\n<h6>\u00a0Incluye Kit de instalaci\u00f3n<\/h6>\n<h6>Caracter\u00edsticas T\u00e9cnicas<\/h6>\n<h6>Dimensiones en Mil\u00edmetros: Alto: 200 Ancho: 143 Fondo: 105<\/h6>\n<h6>Dimensiones en Pulgadas: Alto: 7.87\u2033 Alto: 5.63\u2033 Fondo: 4.13\u2033<\/h6>\n<h6>Capacidad: 1,000 ml.<\/h6>\n<h6>Cantidad expedida: 1 ml.<\/h6>\n<h6>Peso: 614 gr. \/ 1.35 lb<\/h6>\n<h6>Contenido por caja: 1<\/h6>\n<h6>Acabado: Acero Inox. Satinado<\/h6>\n","protected":false},"excerpt":{"rendered":"<p>AC54000<\/p>\n<p>DISPENSADOR DE JAB\u00d3N FUTURA RELLENABLE SATINADO ACERO INOXIDABLE<\/p>\n<p>Dosificador de jab\u00f3n. Base gris, pulsador cromado, tapa y carcasa en acero inox. Adem\u00e1s tiene un visor en el centro para ver consumo de jab\u00f3n. Indicado para W.C. p\u00fablicos de alta rotaci\u00f3n.<\/p>\n<p>Uso intencionado del producto: jabonera para ser rellenada con todo tipo de jab\u00f3n l\u00edquido o gel hidroalcoh\u00f3lico, con una densidad de 0.9 \u2013 1.10 con base alcohol et\u00edlico (para un funcionamiento ideal).<\/p>\n<p>OPCIONES<\/p>\n<ul>\n<li>DISPENSADOR DE JAB\u00d3N FUTURA RELLENABLE SATINADO ACERO INOXIDABLE CODIGO: AC54000<\/li>\n<li>DISPENSADOR DE JAB\u00d3N FUTURA RELLENABLE ACERO INOXIDABLE CODIGO: AC54500<\/li>\n<li>DISPENSADOR DE JAB\u00d3N EN ESPUMA RELLENABLE FUTURA SATINADO ACERO INOXIDABLE CODIGO: AC45000<\/li>\n<li>DISPENSADOR DE JAB\u00d3N FUTURA RELLENABLE SATINADO ACERO INOXIDABLE CODIGO: AC53050<\/li>\n<li>JABONERA FUTURA PARA CARTUCHO INOX. CODIGO: AC53000<\/li>\n<\/ul>\n<p>&nbsp;<\/p>\n","protected":false},"featured_media":557,"comment_status":"open","ping_status":"closed","template":"","meta":{"_uag_custom_page_level_css":"","site-sidebar-layout":"default","site-content-layout":"","ast-site-content-layout":"default","site-content-style":"default","site-sidebar-style":"default","ast-global-header-display":"","ast-banner-title-visibility":"","ast-main-header-display":"","ast-hfb-above-header-display":"","ast-hfb-below-header-display":"","ast-hfb-mobile-header-display":"","site-post-title":"","ast-breadcrumbs-content":"","ast-featured-img":"","footer-sml-layout":"","theme-transparent-header-meta":"default","adv-header-id-meta":"","stick-header-meta":"","header-above-stick-meta":"","header-main-stick-meta":"","header-below-stick-meta":"","astra-migrate-meta-layouts":"set","ast-page-background-enabled":"default","ast-page-background-meta":{"desktop":{"background-color":"var(--ast-global-color-5)","background-image":"","background-repeat":"repeat","background-position":"center center","background-size":"auto","background-attachment":"scroll","background-type":"","background-media":"","overlay-type":"","overlay-color":"","overlay-opacity":"","overlay-gradient":""},"tablet":{"background-color":"","background-image":"","background-repeat":"repeat","background-position":"center center","background-size":"auto","background-attachment":"scroll","background-type":"","background-media":"","overlay-type":"","overlay-color":"","overlay-opacity":"","overlay-gradient":""},"mobile":{"background-color":"","background-image":"","background-repeat":"repeat","background-position":"center center","background-size":"auto","background-attachment":"scroll","background-type":"","background-media":"","overlay-type":"","overlay-color":"","overlay-opacity":"","overlay-gradient":""}},"ast-content-background-meta":{"desktop":{"background-color":"var(--ast-global-color-4)","background-image":"","background-repeat":"repeat","background-position":"center center","background-size":"auto","background-attachment":"scroll","background-type":"","background-media":"","overlay-type":"","overlay-color":"","overlay-opacity":"","overlay-gradient":""},"tablet":{"background-color":"var(--ast-global-color-4)","background-image":"","background-repeat":"repeat","background-position":"center center","background-size":"auto","background-attachment":"scroll","background-type":"","background-media":"","overlay-type":"","overlay-color":"","overlay-opacity":"","overlay-gradient":""},"mobile":{"background-color":"var(--ast-global-color-4)","background-image":"","background-repeat":"repeat","background-position":"center center","background-size":"auto","background-attachment":"scroll","background-type":"","background-media":"","overlay-type":"","overlay-color":"","overlay-opacity":"","overlay-gradient":""}},"_joinchat":[]},"product_brand":[],"product_cat":[38],"product_tag":[],"class_list":{"0":"post-554","1":"product","2":"type-product","3":"status-publish","4":"has-post-thumbnail","6":"product_cat-jaboneras","7":"desktop-align-left","8":"tablet-align-left","9":"mobile-align-left","11":"first","12":"instock","13":"featured","14":"shipping-taxable","15":"product-type-simple"},"uagb_featured_image_src":{"full":["https:\/\/teknodesarrollo.com\/wp-content\/uploads\/2025\/07\/AC54000-500x500-1.jpg",500,500,false],"thumbnail":["https:\/\/teknodesarrollo.com\/wp-content\/uploads\/2025\/07\/AC54000-500x500-1-150x150.jpg",150,150,true],"medium":["https:\/\/teknodesarrollo.com\/wp-content\/uploads\/2025\/07\/AC54000-500x500-1-300x300.jpg",300,300,true],"medium_large":["https:\/\/teknodesarrollo.com\/wp-content\/uploads\/2025\/07\/AC54000-500x500-1.jpg",500,500,false],"large":["https:\/\/teknodesarrollo.com\/wp-content\/uploads\/2025\/07\/AC54000-500x500-1.jpg",500,500,false],"1536x1536":["https:\/\/teknodesarrollo.com\/wp-content\/uploads\/2025\/07\/AC54000-500x500-1.jpg",500,500,false],"2048x2048":["https:\/\/teknodesarrollo.com\/wp-content\/uploads\/2025\/07\/AC54000-500x500-1.jpg",500,500,false],"mailpoet_newsletter_max":["https:\/\/teknodesarrollo.com\/wp-content\/uploads\/2025\/07\/AC54000-500x500-1.jpg",500,500,false],"woocommerce_thumbnail":["https:\/\/teknodesarrollo.com\/wp-content\/uploads\/2025\/07\/AC54000-500x500-1-300x300.jpg",300,300,true],"woocommerce_single":["https:\/\/teknodesarrollo.com\/wp-content\/uploads\/2025\/07\/AC54000-500x500-1.jpg",500,500,false],"woocommerce_gallery_thumbnail":["https:\/\/teknodesarrollo.com\/wp-content\/uploads\/2025\/07\/AC54000-500x500-1-100x100.jpg",100,100,true]},"uagb_author_info":{"display_name":"tekno","author_link":"https:\/\/teknodesarrollo.com\/?author=0"},"uagb_comment_info":4,"uagb_excerpt":"AC54000 DISPENSADOR DE JAB\u00d3N FUTURA RELLENABLE SATINADO ACERO INOXIDABLE Dosificador de jab\u00f3n. Base gris, pulsador cromado, tapa y carcasa en acero inox. Adem\u00e1s tiene un visor en el centro para ver consumo de jab\u00f3n. Indicado para W.C. p\u00fablicos de alta rotaci\u00f3n. Uso intencionado del producto: jabonera para ser rellenada con todo tipo de jab\u00f3n l\u00edquido&hellip;","jetpack_sharing_enabled":true,"_links":{"self":[{"href":"https:\/\/teknodesarrollo.com\/index.php?rest_route=\/wp\/v2\/product\/554","targetHints":{"allow":["GET"]}}],"collection":[{"href":"https:\/\/teknodesarrollo.com\/index.php?rest_route=\/wp\/v2\/product"}],"about":[{"href":"https:\/\/teknodesarrollo.com\/index.php?rest_route=\/wp\/v2\/types\/product"}],"replies":[{"embeddable":true,"href":"https:\/\/teknodesarrollo.com\/index.php?rest_route=%2Fwp%2Fv2%2Fcomments&post=554"}],"wp:featuredmedia":[{"embeddable":true,"href":"https:\/\/teknodesarrollo.com\/index.php?rest_route=\/wp\/v2\/media\/557"}],"wp:attachment":[{"href":"https:\/\/teknodesarrollo.com\/index.php?rest_route=%2Fwp%2Fv2%2Fmedia&parent=554"}],"wp:term":[{"taxonomy":"product_brand","embeddable":true,"href":"https:\/\/teknodesarrollo.com\/index.php?rest_route=%2Fwp%2Fv2%2Fproduct_brand&post=554"},{"taxonomy":"product_cat","embeddable":true,"href":"https:\/\/teknodesarrollo.com\/index.php?rest_route=%2Fwp%2Fv2%2Fproduct_cat&post=554"},{"taxonomy":"product_tag","embeddable":true,"href":"https:\/\/teknodesarrollo.com\/index.php?rest_route=%2Fwp%2Fv2%2Fproduct_tag&post=554"}],"curies":[{"name":"wp","href":"https:\/\/api.w.org\/{rel}","templated":true}]}}