{"id":548,"date":"2025-07-30T04:55:33","date_gmt":"2025-07-30T04:55:33","guid":{"rendered":"https:\/\/teknodesarrollo.com\/?post_type=product&#038;p=548"},"modified":"2025-10-31T11:00:35","modified_gmt":"2025-10-31T11:00:35","slug":"dispensador-de-jabon-smart-rellenable","status":"publish","type":"product","link":"https:\/\/teknodesarrollo.com\/?product=dispensador-de-jabon-smart-rellenable","title":{"rendered":"DISPENSADOR DE JAB\u00d3N SMART RELLENABLE"},"content":{"rendered":"<p><strong>Componentes y Materiales:<\/strong><\/p>\n<ul>\n<li>Fabricado en ABS la base y tapa<\/li>\n<li>Fabricado en Polietileno el dep\u00f3sito<\/li>\n<li>Incluye Kit de instalaci\u00f3n<\/li>\n<\/ul>\n<ul>\n<li><strong>Caracter\u00edsticas T\u00e9cnicas<\/strong><\/li>\n<li style=\"font-style: inherit; font-weight: inherit;\"><strong style=\"font-style: inherit;\">Dimensiones en Mil\u00edmetros:<\/strong><strong style=\"font-style: inherit;\">Alto:<\/strong>\u00a0236\u00a0<strong style=\"font-style: inherit;\">Ancho:<\/strong>\u00a0119\u00a0<strong style=\"font-style: inherit;\">Fondo:<\/strong>\u00a089<\/li>\n<li style=\"font-style: inherit; font-weight: inherit;\"><strong style=\"font-style: inherit;\">Dimensiones en Pulgadas:<\/strong><strong style=\"font-style: inherit;\">Alto:<\/strong>29\u2033\u00a0<strong style=\"font-style: inherit;\">Alto:<\/strong>\u00a04.68\u2033\u00a0<strong style=\"font-style: inherit;\">Fondo:<\/strong>\u00a03.50\u2033<\/li>\n<li style=\"font-style: inherit; font-weight: inherit;\"><strong style=\"font-style: inherit;\">Capacidad:<\/strong>1,000 ml.<\/li>\n<li style=\"font-style: inherit; font-weight: inherit;\"><strong style=\"font-style: inherit;\">Cantidad expedida:<\/strong>1 ml.<\/li>\n<li style=\"font-style: inherit; font-weight: inherit;\"><strong style=\"font-style: inherit;\">Peso:<\/strong>360 gr. \/ .79 lb<\/li>\n<li style=\"font-style: inherit; font-weight: inherit;\"><strong style=\"font-style: inherit;\">Contenido por caja:<\/strong>1 pieza por caja.<\/li>\n<li style=\"font-style: inherit; font-weight: inherit;\"><strong style=\"font-style: inherit;\">Acabado:<\/strong>Liso<\/li>\n<\/ul>\n<p>&nbsp;<\/p>\n","protected":false},"excerpt":{"rendered":"<p>AC27050<\/p>\n<p><strong>DISPENSADOR DE JAB\u00d3N SMART RELLENABLE<\/strong><\/p>\n<p>Dosificador rellenable de la familia Smart. Posee un nuevo dise\u00f1o de pulsador integrado en la tapa frontal que evita el escurrimiento de jab\u00f3n. Base blanca con tapa del mismo color y visor central permite ver el consumo de jab\u00f3n.<\/p>\n<p>Uso intencionado del producto: jabonera para ser rellenada con todo tipo de jab\u00f3n l\u00edquido o gel hidroalcoh\u00f3lico, con una densidad de 0.9 \u2013 1.10 con base alcohol et\u00edlico (para un funcionamiento ideal).<\/p>\n<p>OPCIONES<\/p>\n<ul>\n<li>DISPENSADOR DE JAB\u00d3N SMART RELLENABLE BLANCA CODIGO: AC27050<\/li>\n<li>DISPENSADOR DE JAB\u00d3N SMART RELLENABLE NEGRO CODIGO: AC27650<\/li>\n<li>DISPENSADOR DE JAB\u00d3N SMART RELLENABLE SILVER CODIGO: AC27350<\/li>\n<li>DISPENSADOR DE JAB\u00d3N SMART RELLENABLE HUMO CODIGO: AC27450<\/li>\n<li>JABONERA SMART RELLENABLE NEGRO MATE CODIGO: AC27950<\/li>\n<\/ul>\n","protected":false},"featured_media":549,"comment_status":"open","ping_status":"closed","template":"","meta":{"_uag_custom_page_level_css":"","site-sidebar-layout":"default","site-content-layout":"","ast-site-content-layout":"default","site-content-style":"default","site-sidebar-style":"default","ast-global-header-display":"","ast-banner-title-visibility":"","ast-main-header-display":"","ast-hfb-above-header-display":"","ast-hfb-below-header-display":"","ast-hfb-mobile-header-display":"","site-post-title":"","ast-breadcrumbs-content":"","ast-featured-img":"","footer-sml-layout":"","theme-transparent-header-meta":"default","adv-header-id-meta":"","stick-header-meta":"","header-above-stick-meta":"","header-main-stick-meta":"","header-below-stick-meta":"","astra-migrate-meta-layouts":"set","ast-page-background-enabled":"default","ast-page-background-meta":{"desktop":{"background-color":"var(--ast-global-color-5)","background-image":"","background-repeat":"repeat","background-position":"center center","background-size":"auto","background-attachment":"scroll","background-type":"","background-media":"","overlay-type":"","overlay-color":"","overlay-opacity":"","overlay-gradient":""},"tablet":{"background-color":"","background-image":"","background-repeat":"repeat","background-position":"center center","background-size":"auto","background-attachment":"scroll","background-type":"","background-media":"","overlay-type":"","overlay-color":"","overlay-opacity":"","overlay-gradient":""},"mobile":{"background-color":"","background-image":"","background-repeat":"repeat","background-position":"center center","background-size":"auto","background-attachment":"scroll","background-type":"","background-media":"","overlay-type":"","overlay-color":"","overlay-opacity":"","overlay-gradient":""}},"ast-content-background-meta":{"desktop":{"background-color":"var(--ast-global-color-4)","background-image":"","background-repeat":"repeat","background-position":"center center","background-size":"auto","background-attachment":"scroll","background-type":"","background-media":"","overlay-type":"","overlay-color":"","overlay-opacity":"","overlay-gradient":""},"tablet":{"background-color":"var(--ast-global-color-4)","background-image":"","background-repeat":"repeat","background-position":"center center","background-size":"auto","background-attachment":"scroll","background-type":"","background-media":"","overlay-type":"","overlay-color":"","overlay-opacity":"","overlay-gradient":""},"mobile":{"background-color":"var(--ast-global-color-4)","background-image":"","background-repeat":"repeat","background-position":"center center","background-size":"auto","background-attachment":"scroll","background-type":"","background-media":"","overlay-type":"","overlay-color":"","overlay-opacity":"","overlay-gradient":""}},"_joinchat":[]},"product_brand":[],"product_cat":[38],"product_tag":[],"class_list":{"0":"post-548","1":"product","2":"type-product","3":"status-publish","4":"has-post-thumbnail","6":"product_cat-jaboneras","7":"desktop-align-left","8":"tablet-align-left","9":"mobile-align-left","11":"first","12":"instock","13":"shipping-taxable","14":"product-type-simple"},"uagb_featured_image_src":{"full":["https:\/\/teknodesarrollo.com\/wp-content\/uploads\/2025\/07\/AC27050.jpg",1000,1000,false],"thumbnail":["https:\/\/teknodesarrollo.com\/wp-content\/uploads\/2025\/07\/AC27050-150x150.jpg",150,150,true],"medium":["https:\/\/teknodesarrollo.com\/wp-content\/uploads\/2025\/07\/AC27050-300x300.jpg",300,300,true],"medium_large":["https:\/\/teknodesarrollo.com\/wp-content\/uploads\/2025\/07\/AC27050-768x768.jpg",768,768,true],"large":["https:\/\/teknodesarrollo.com\/wp-content\/uploads\/2025\/07\/AC27050.jpg",1000,1000,false],"1536x1536":["https:\/\/teknodesarrollo.com\/wp-content\/uploads\/2025\/07\/AC27050.jpg",1000,1000,false],"2048x2048":["https:\/\/teknodesarrollo.com\/wp-content\/uploads\/2025\/07\/AC27050.jpg",1000,1000,false],"mailpoet_newsletter_max":["https:\/\/teknodesarrollo.com\/wp-content\/uploads\/2025\/07\/AC27050.jpg",1000,1000,false],"woocommerce_thumbnail":["https:\/\/teknodesarrollo.com\/wp-content\/uploads\/2025\/07\/AC27050-300x300.jpg",300,300,true],"woocommerce_single":["https:\/\/teknodesarrollo.com\/wp-content\/uploads\/2025\/07\/AC27050-600x600.jpg",600,600,true],"woocommerce_gallery_thumbnail":["https:\/\/teknodesarrollo.com\/wp-content\/uploads\/2025\/07\/AC27050-100x100.jpg",100,100,true]},"uagb_author_info":{"display_name":"tekno","author_link":"https:\/\/teknodesarrollo.com\/?author=0"},"uagb_comment_info":5,"uagb_excerpt":"AC27050 DISPENSADOR DE JAB\u00d3N SMART RELLENABLE Dosificador rellenable de la familia Smart. Posee un nuevo dise\u00f1o de pulsador integrado en la tapa frontal que evita el escurrimiento de jab\u00f3n. Base blanca con tapa del mismo color y visor central permite ver el consumo de jab\u00f3n. Uso intencionado del producto: jabonera para ser rellenada con todo&hellip;","jetpack_sharing_enabled":true,"_links":{"self":[{"href":"https:\/\/teknodesarrollo.com\/index.php?rest_route=\/wp\/v2\/product\/548","targetHints":{"allow":["GET"]}}],"collection":[{"href":"https:\/\/teknodesarrollo.com\/index.php?rest_route=\/wp\/v2\/product"}],"about":[{"href":"https:\/\/teknodesarrollo.com\/index.php?rest_route=\/wp\/v2\/types\/product"}],"replies":[{"embeddable":true,"href":"https:\/\/teknodesarrollo.com\/index.php?rest_route=%2Fwp%2Fv2%2Fcomments&post=548"}],"wp:featuredmedia":[{"embeddable":true,"href":"https:\/\/teknodesarrollo.com\/index.php?rest_route=\/wp\/v2\/media\/549"}],"wp:attachment":[{"href":"https:\/\/teknodesarrollo.com\/index.php?rest_route=%2Fwp%2Fv2%2Fmedia&parent=548"}],"wp:term":[{"taxonomy":"product_brand","embeddable":true,"href":"https:\/\/teknodesarrollo.com\/index.php?rest_route=%2Fwp%2Fv2%2Fproduct_brand&post=548"},{"taxonomy":"product_cat","embeddable":true,"href":"https:\/\/teknodesarrollo.com\/index.php?rest_route=%2Fwp%2Fv2%2Fproduct_cat&post=548"},{"taxonomy":"product_tag","embeddable":true,"href":"https:\/\/teknodesarrollo.com\/index.php?rest_route=%2Fwp%2Fv2%2Fproduct_tag&post=548"}],"curies":[{"name":"wp","href":"https:\/\/api.w.org\/{rel}","templated":true}]}}