{"id":500,"date":"2025-07-29T19:44:07","date_gmt":"2025-07-29T19:44:07","guid":{"rendered":"https:\/\/teknodesarrollo.com\/?post_type=product&#038;p=500"},"modified":"2025-11-26T02:53:29","modified_gmt":"2025-11-26T02:53:29","slug":"dispensador-de-jabon-aitana","status":"publish","type":"product","link":"https:\/\/teknodesarrollo.com\/?product=dispensador-de-jabon-aitana","title":{"rendered":"DISPENSADOR DE JABON AITANA"},"content":{"rendered":"<p><strong>Componentes y Materiales:<\/strong><\/p>\n<ul>\n<li>Fabricado en ABS la base y tapa<\/li>\n<li>Fabricado en SAN el dep\u00f3sito<\/li>\n<li>Incluye Kit de instalaci\u00f3n<\/li>\n<\/ul>\n<p><strong>Caracter\u00edsticas T\u00e9cnicas<\/strong><\/p>\n<p style=\"font-style: inherit; font-weight: inherit;\"><strong style=\"font-style: inherit;\">Dimensiones en Mil\u00edmetros:<\/strong>\u00a0<strong style=\"font-style: inherit;\">Alto:<\/strong>\u00a0235\u00a0<strong style=\"font-style: inherit;\">Ancho:<\/strong>\u00a0130\u00a0<strong style=\"font-style: inherit;\">Fondo:<\/strong>\u00a0100<\/p>\n<p style=\"font-style: inherit; font-weight: inherit;\"><strong style=\"font-style: inherit;\">Dimensiones en Pulgadas:<\/strong>\u00a0<strong style=\"font-style: inherit;\">Alto:<\/strong>\u00a09.25\u2033\u00a0<strong style=\"font-style: inherit;\">Alto:<\/strong>\u00a05.11\u2033\u00a0<strong style=\"font-style: inherit;\">Fondo:<\/strong>\u00a03.93\u2033<\/p>\n<p style=\"font-style: inherit; font-weight: inherit;\"><strong style=\"font-style: inherit;\">Capacidad:<\/strong>\u00a01,000 ml.<\/p>\n<p style=\"font-style: inherit; font-weight: inherit;\"><strong style=\"font-style: inherit;\">Cantidad expedida:<\/strong>\u00a01 ml.<\/p>\n<p style=\"font-style: inherit; font-weight: inherit;\"><strong style=\"font-style: inherit;\">Peso:<\/strong>\u00a0414 gr. \/ 0.91 lb<\/p>\n<p style=\"font-style: inherit; font-weight: inherit;\"><strong style=\"font-style: inherit;\">Contenido por caja:<\/strong>\u00a01 pieza por caja.<\/p>\n<p style=\"font-style: inherit; font-weight: inherit;\"><strong style=\"font-style: inherit;\">Acabado:<\/strong>\u00a0Liso<\/p>\n","protected":false},"excerpt":{"rendered":"<p>AC70000<\/p>\n<p><strong>DISPENSADOR DE JAB\u00d3N AITANA<\/strong><\/p>\n<p>Dosificador de jab\u00f3n l\u00edquido con deposito rellenable de 1,000 ml. El dep\u00f3sito transparente permite una total visi\u00f3n de la carga de jab\u00f3n disponible. Su construcci\u00f3n y materiales brindan el m\u00e1ximo rendimiento y larga duraci\u00f3n, adem\u00e1s incluye cerradura con llave.<\/p>\n<p>Uso intencionado del producto: jabonera para ser rellenada con todo tipo de jab\u00f3n l\u00edquido o gel hidroalcoh\u00f3lico, con una densidad de 0.9 \u2013 1.10 con base alcohol et\u00edlico (para un funcionamiento ideal).<\/p>\n<p><u>OPCIONES<\/u><\/p>\n<ul>\n<li>DISPENSADOR DE JAB\u00d3N AITANA BLANCA CODIGO: AC70000<\/li>\n<li>DISPENSADOR DE JAB\u00d3N AITANA ACERO INOXIDABLE CODIGO:AC79000<\/li>\n<li>DISPENSADOR DE JAB\u00d3N AITANA HUMO CODIGO:AC72000<\/li>\n<li>DISPENSADOR DE JAB\u00d3N AITANA NEGRO CODIGO: AC70600<\/li>\n<li>DISPENSADOR DE JAB\u00d3N AITANA NEGRO MATE CODIGO:AC70900<\/li>\n<li>DISPENSADOR DE JAB\u00d3N AITANA N\u00cdQUEL BARNIZ CODIGO:AC70011<\/li>\n<li>DISPENSADOR DE JAB\u00d3N AITANA SILVER CODIGO:AC70300<\/li>\n<li>DISPENSADOR DE JAB\u00d3N AITANA MEDIANA ANTIBAC HUMO CODIGO:AC70020C<\/li>\n<li>DISPENSADOR DE JAB\u00d3N AITANA LUXE HUMO CODIGO:AC71000MX<\/li>\n<\/ul>\n<p>&nbsp;<\/p>\n","protected":false},"featured_media":491,"comment_status":"open","ping_status":"closed","template":"","meta":{"_uag_custom_page_level_css":"","site-sidebar-layout":"default","site-content-layout":"","ast-site-content-layout":"default","site-content-style":"default","site-sidebar-style":"default","ast-global-header-display":"","ast-banner-title-visibility":"","ast-main-header-display":"","ast-hfb-above-header-display":"","ast-hfb-below-header-display":"","ast-hfb-mobile-header-display":"","site-post-title":"","ast-breadcrumbs-content":"","ast-featured-img":"","footer-sml-layout":"","theme-transparent-header-meta":"default","adv-header-id-meta":"","stick-header-meta":"","header-above-stick-meta":"","header-main-stick-meta":"","header-below-stick-meta":"","astra-migrate-meta-layouts":"set","ast-page-background-enabled":"default","ast-page-background-meta":{"desktop":{"background-color":"var(--ast-global-color-5)","background-image":"","background-repeat":"repeat","background-position":"center center","background-size":"auto","background-attachment":"scroll","background-type":"","background-media":"","overlay-type":"","overlay-color":"","overlay-opacity":"","overlay-gradient":""},"tablet":{"background-color":"","background-image":"","background-repeat":"repeat","background-position":"center center","background-size":"auto","background-attachment":"scroll","background-type":"","background-media":"","overlay-type":"","overlay-color":"","overlay-opacity":"","overlay-gradient":""},"mobile":{"background-color":"","background-image":"","background-repeat":"repeat","background-position":"center center","background-size":"auto","background-attachment":"scroll","background-type":"","background-media":"","overlay-type":"","overlay-color":"","overlay-opacity":"","overlay-gradient":""}},"ast-content-background-meta":{"desktop":{"background-color":"var(--ast-global-color-4)","background-image":"","background-repeat":"repeat","background-position":"center center","background-size":"auto","background-attachment":"scroll","background-type":"","background-media":"","overlay-type":"","overlay-color":"","overlay-opacity":"","overlay-gradient":""},"tablet":{"background-color":"var(--ast-global-color-4)","background-image":"","background-repeat":"repeat","background-position":"center center","background-size":"auto","background-attachment":"scroll","background-type":"","background-media":"","overlay-type":"","overlay-color":"","overlay-opacity":"","overlay-gradient":""},"mobile":{"background-color":"var(--ast-global-color-4)","background-image":"","background-repeat":"repeat","background-position":"center center","background-size":"auto","background-attachment":"scroll","background-type":"","background-media":"","overlay-type":"","overlay-color":"","overlay-opacity":"","overlay-gradient":""}},"_joinchat":[]},"product_brand":[],"product_cat":[38],"product_tag":[],"class_list":{"0":"post-500","1":"product","2":"type-product","3":"status-publish","4":"has-post-thumbnail","6":"product_cat-jaboneras","7":"desktop-align-left","8":"tablet-align-left","9":"mobile-align-left","11":"first","12":"instock","13":"featured","14":"shipping-taxable","15":"product-type-simple"},"uagb_featured_image_src":{"full":["https:\/\/teknodesarrollo.com\/wp-content\/uploads\/2025\/07\/AC70000-500x500-1.jpg",500,500,false],"thumbnail":["https:\/\/teknodesarrollo.com\/wp-content\/uploads\/2025\/07\/AC70000-500x500-1-150x150.jpg",150,150,true],"medium":["https:\/\/teknodesarrollo.com\/wp-content\/uploads\/2025\/07\/AC70000-500x500-1-300x300.jpg",300,300,true],"medium_large":["https:\/\/teknodesarrollo.com\/wp-content\/uploads\/2025\/07\/AC70000-500x500-1.jpg",500,500,false],"large":["https:\/\/teknodesarrollo.com\/wp-content\/uploads\/2025\/07\/AC70000-500x500-1.jpg",500,500,false],"1536x1536":["https:\/\/teknodesarrollo.com\/wp-content\/uploads\/2025\/07\/AC70000-500x500-1.jpg",500,500,false],"2048x2048":["https:\/\/teknodesarrollo.com\/wp-content\/uploads\/2025\/07\/AC70000-500x500-1.jpg",500,500,false],"mailpoet_newsletter_max":["https:\/\/teknodesarrollo.com\/wp-content\/uploads\/2025\/07\/AC70000-500x500-1.jpg",500,500,false],"woocommerce_thumbnail":["https:\/\/teknodesarrollo.com\/wp-content\/uploads\/2025\/07\/AC70000-500x500-1-300x300.jpg",300,300,true],"woocommerce_single":["https:\/\/teknodesarrollo.com\/wp-content\/uploads\/2025\/07\/AC70000-500x500-1.jpg",500,500,false],"woocommerce_gallery_thumbnail":["https:\/\/teknodesarrollo.com\/wp-content\/uploads\/2025\/07\/AC70000-500x500-1-100x100.jpg",100,100,true]},"uagb_author_info":{"display_name":"tekno","author_link":"https:\/\/teknodesarrollo.com\/?author=0"},"uagb_comment_info":3,"uagb_excerpt":"AC70000 DISPENSADOR DE JAB\u00d3N AITANA Dosificador de jab\u00f3n l\u00edquido con deposito rellenable de 1,000 ml. El dep\u00f3sito transparente permite una total visi\u00f3n de la carga de jab\u00f3n disponible. Su construcci\u00f3n y materiales brindan el m\u00e1ximo rendimiento y larga duraci\u00f3n, adem\u00e1s incluye cerradura con llave. Uso intencionado del producto: jabonera para ser rellenada con todo tipo&hellip;","jetpack_sharing_enabled":true,"_links":{"self":[{"href":"https:\/\/teknodesarrollo.com\/index.php?rest_route=\/wp\/v2\/product\/500","targetHints":{"allow":["GET"]}}],"collection":[{"href":"https:\/\/teknodesarrollo.com\/index.php?rest_route=\/wp\/v2\/product"}],"about":[{"href":"https:\/\/teknodesarrollo.com\/index.php?rest_route=\/wp\/v2\/types\/product"}],"replies":[{"embeddable":true,"href":"https:\/\/teknodesarrollo.com\/index.php?rest_route=%2Fwp%2Fv2%2Fcomments&post=500"}],"wp:featuredmedia":[{"embeddable":true,"href":"https:\/\/teknodesarrollo.com\/index.php?rest_route=\/wp\/v2\/media\/491"}],"wp:attachment":[{"href":"https:\/\/teknodesarrollo.com\/index.php?rest_route=%2Fwp%2Fv2%2Fmedia&parent=500"}],"wp:term":[{"taxonomy":"product_brand","embeddable":true,"href":"https:\/\/teknodesarrollo.com\/index.php?rest_route=%2Fwp%2Fv2%2Fproduct_brand&post=500"},{"taxonomy":"product_cat","embeddable":true,"href":"https:\/\/teknodesarrollo.com\/index.php?rest_route=%2Fwp%2Fv2%2Fproduct_cat&post=500"},{"taxonomy":"product_tag","embeddable":true,"href":"https:\/\/teknodesarrollo.com\/index.php?rest_route=%2Fwp%2Fv2%2Fproduct_tag&post=500"}],"curies":[{"name":"wp","href":"https:\/\/api.w.org\/{rel}","templated":true}]}}