{"id":361,"date":"2025-07-21T06:15:21","date_gmt":"2025-07-21T06:15:21","guid":{"rendered":"https:\/\/teknodesarrollo.com\/?post_type=product&#038;p=361"},"modified":"2025-10-31T11:00:19","modified_gmt":"2025-10-31T11:00:19","slug":"degral-plus-desengrasante","status":"publish","type":"product","link":"https:\/\/teknodesarrollo.com\/?product=degral-plus-desengrasante","title":{"rendered":"DEGRAL PLUS Desengrasante"},"content":{"rendered":"","protected":false},"excerpt":{"rendered":"<p>Uno de los problemas m\u00e1s comunes tanto en la cocina de un hogar como en una cocina industrial es la grasa, la acumulaci\u00f3n de grasa provoca accidentes, plagas, mala imagen, malos olores, tapones en las tuber\u00edas etc.<\/p>\n<p>Los incendios en los restaurantes son provocados por la acumulaci\u00f3n de grasa principalmente en la campana ya que se convierte en combustible altamente inflamable. La soluci\u00f3n a estos problemas es el DESENGRASANTE SUPER CONCENTRADO DEGRAL PLUS.<\/p>\n<p>Es un desengrasante de alta diluci\u00f3n, no provoca gases y no es peligroso para el usuario<\/p>\n<p>Es un producto ideal para usarse en industrias, hoteles, restaurantes, comedores industriales, etc.<\/p>\n<p>DEGRAL PLUS puede aplicarse en cualquier superficie en la que se pueda usar agua para la limpieza, es efectivo para remover grasas, aceites, desechos jabonosos en superficies tales como metal, pl\u00e1stico, porcelana, vinil, concreto, aluminio, maquinaria, es muy efectivo para la limpieza de campanas, paredes de cocina, \u00e1reas de estacionamiento, etc.<\/p>\n<p>DEGRAL PLUS puede aplicarse a mano, con lavadoras de presi\u00f3n, lavadoras de vapor ya sea con agua fr\u00eda o caliente.<\/p>\n<p>Es un producto muy econ\u00f3mico en su uso ya que la alta concentraci\u00f3n y balance de sus ingredientes le permiten soportar grandes diluciones sin perder su poder limpiador.<\/p>\n<p>&nbsp;<\/p>\n","protected":false},"featured_media":331,"comment_status":"open","ping_status":"closed","template":"","meta":{"_uag_custom_page_level_css":"","site-sidebar-layout":"default","site-content-layout":"","ast-site-content-layout":"default","site-content-style":"default","site-sidebar-style":"default","ast-global-header-display":"","ast-banner-title-visibility":"","ast-main-header-display":"","ast-hfb-above-header-display":"","ast-hfb-below-header-display":"","ast-hfb-mobile-header-display":"","site-post-title":"","ast-breadcrumbs-content":"","ast-featured-img":"","footer-sml-layout":"","theme-transparent-header-meta":"default","adv-header-id-meta":"","stick-header-meta":"","header-above-stick-meta":"","header-main-stick-meta":"","header-below-stick-meta":"","astra-migrate-meta-layouts":"set","ast-page-background-enabled":"default","ast-page-background-meta":{"desktop":{"background-color":"var(--ast-global-color-5)","background-image":"","background-repeat":"repeat","background-position":"center center","background-size":"auto","background-attachment":"scroll","background-type":"","background-media":"","overlay-type":"","overlay-color":"","overlay-opacity":"","overlay-gradient":""},"tablet":{"background-color":"","background-image":"","background-repeat":"repeat","background-position":"center center","background-size":"auto","background-attachment":"scroll","background-type":"","background-media":"","overlay-type":"","overlay-color":"","overlay-opacity":"","overlay-gradient":""},"mobile":{"background-color":"","background-image":"","background-repeat":"repeat","background-position":"center center","background-size":"auto","background-attachment":"scroll","background-type":"","background-media":"","overlay-type":"","overlay-color":"","overlay-opacity":"","overlay-gradient":""}},"ast-content-background-meta":{"desktop":{"background-color":"var(--ast-global-color-4)","background-image":"","background-repeat":"repeat","background-position":"center center","background-size":"auto","background-attachment":"scroll","background-type":"","background-media":"","overlay-type":"","overlay-color":"","overlay-opacity":"","overlay-gradient":""},"tablet":{"background-color":"var(--ast-global-color-4)","background-image":"","background-repeat":"repeat","background-position":"center center","background-size":"auto","background-attachment":"scroll","background-type":"","background-media":"","overlay-type":"","overlay-color":"","overlay-opacity":"","overlay-gradient":""},"mobile":{"background-color":"var(--ast-global-color-4)","background-image":"","background-repeat":"repeat","background-position":"center center","background-size":"auto","background-attachment":"scroll","background-type":"","background-media":"","overlay-type":"","overlay-color":"","overlay-opacity":"","overlay-gradient":""}},"_joinchat":[]},"product_brand":[],"product_cat":[36],"product_tag":[],"class_list":{"0":"post-361","1":"product","2":"type-product","3":"status-publish","4":"has-post-thumbnail","6":"product_cat-tekno-higiene","7":"desktop-align-left","8":"tablet-align-left","9":"mobile-align-left","11":"first","12":"instock","13":"featured","14":"shipping-taxable","15":"product-type-simple"},"uagb_featured_image_src":{"full":["https:\/\/teknodesarrollo.com\/wp-content\/uploads\/2025\/07\/industria-manufacturera-1.jpg",611,405,false],"thumbnail":["https:\/\/teknodesarrollo.com\/wp-content\/uploads\/2025\/07\/industria-manufacturera-1-150x150.jpg",150,150,true],"medium":["https:\/\/teknodesarrollo.com\/wp-content\/uploads\/2025\/07\/industria-manufacturera-1-300x199.jpg",300,199,true],"medium_large":["https:\/\/teknodesarrollo.com\/wp-content\/uploads\/2025\/07\/industria-manufacturera-1.jpg",611,405,false],"large":["https:\/\/teknodesarrollo.com\/wp-content\/uploads\/2025\/07\/industria-manufacturera-1.jpg",611,405,false],"1536x1536":["https:\/\/teknodesarrollo.com\/wp-content\/uploads\/2025\/07\/industria-manufacturera-1.jpg",611,405,false],"2048x2048":["https:\/\/teknodesarrollo.com\/wp-content\/uploads\/2025\/07\/industria-manufacturera-1.jpg",611,405,false],"mailpoet_newsletter_max":["https:\/\/teknodesarrollo.com\/wp-content\/uploads\/2025\/07\/industria-manufacturera-1.jpg",611,405,false],"woocommerce_thumbnail":["https:\/\/teknodesarrollo.com\/wp-content\/uploads\/2025\/07\/industria-manufacturera-1-300x300.jpg",300,300,true],"woocommerce_single":["https:\/\/teknodesarrollo.com\/wp-content\/uploads\/2025\/07\/industria-manufacturera-1-600x398.jpg",600,398,true],"woocommerce_gallery_thumbnail":["https:\/\/teknodesarrollo.com\/wp-content\/uploads\/2025\/07\/industria-manufacturera-1-100x100.jpg",100,100,true]},"uagb_author_info":{"display_name":"tekno","author_link":"https:\/\/teknodesarrollo.com\/?author=0"},"uagb_comment_info":36,"uagb_excerpt":"Uno de los problemas m\u00e1s comunes tanto en la cocina de un hogar como en una cocina industrial es la grasa, la acumulaci\u00f3n de grasa provoca accidentes, plagas, mala imagen, malos olores, tapones en las tuber\u00edas etc. Los incendios en los restaurantes son provocados por la acumulaci\u00f3n de grasa principalmente en la campana ya que&hellip;","jetpack_sharing_enabled":true,"_links":{"self":[{"href":"https:\/\/teknodesarrollo.com\/index.php?rest_route=\/wp\/v2\/product\/361","targetHints":{"allow":["GET"]}}],"collection":[{"href":"https:\/\/teknodesarrollo.com\/index.php?rest_route=\/wp\/v2\/product"}],"about":[{"href":"https:\/\/teknodesarrollo.com\/index.php?rest_route=\/wp\/v2\/types\/product"}],"replies":[{"embeddable":true,"href":"https:\/\/teknodesarrollo.com\/index.php?rest_route=%2Fwp%2Fv2%2Fcomments&post=361"}],"wp:featuredmedia":[{"embeddable":true,"href":"https:\/\/teknodesarrollo.com\/index.php?rest_route=\/wp\/v2\/media\/331"}],"wp:attachment":[{"href":"https:\/\/teknodesarrollo.com\/index.php?rest_route=%2Fwp%2Fv2%2Fmedia&parent=361"}],"wp:term":[{"taxonomy":"product_brand","embeddable":true,"href":"https:\/\/teknodesarrollo.com\/index.php?rest_route=%2Fwp%2Fv2%2Fproduct_brand&post=361"},{"taxonomy":"product_cat","embeddable":true,"href":"https:\/\/teknodesarrollo.com\/index.php?rest_route=%2Fwp%2Fv2%2Fproduct_cat&post=361"},{"taxonomy":"product_tag","embeddable":true,"href":"https:\/\/teknodesarrollo.com\/index.php?rest_route=%2Fwp%2Fv2%2Fproduct_tag&post=361"}],"curies":[{"name":"wp","href":"https:\/\/api.w.org\/{rel}","templated":true}]}}