{"id":356,"date":"2025-07-21T06:00:49","date_gmt":"2025-07-21T06:00:49","guid":{"rendered":"https:\/\/teknodesarrollo.com\/?post_type=product&#038;p=356"},"modified":"2026-01-05T16:59:10","modified_gmt":"2026-01-05T16:59:10","slug":"secador-de-trajes-de-bano","status":"publish","type":"product","link":"https:\/\/teknodesarrollo.com\/?product=secador-de-trajes-de-bano","title":{"rendered":"Secador de Trajes de ba\u00f1o"},"content":{"rendered":"<div class=\"ast-oembed-container \" style=\"height: 100%;\"><iframe loading=\"lazy\" title=\"SUITMATE\u00ae swimsuit water extractor Video\" width=\"500\" height=\"281\" src=\"https:\/\/www.youtube.com\/embed\/fwzO6gRRcfM?feature=oembed\" frameborder=\"0\" allow=\"accelerometer; autoplay; clipboard-write; encrypted-media; gyroscope; picture-in-picture; web-share\" referrerpolicy=\"strict-origin-when-cross-origin\" allowfullscreen><\/iframe><\/div>\n","protected":false},"excerpt":{"rendered":"<p>Las prendas mojadas en cualquier alberca son un verdadero problema, la humedad permanente de los ba\u00f1os provoca enfermedades, contagios, accidentes, mala imagen, proliferaci\u00f3n de plagas, hongos etc.<\/p>\n<p>Los usuarios se llevar\u00e1n en sus mochilas la prenda aun mojada haciendo muy inc\u00f3modo el manejo del traje de ba\u00f1o contaminando sus dem\u00e1s prendas y su mochila.<\/p>\n<p>La soluci\u00f3n a estos problemas es el Secador de trajes de ba\u00f1o Suitmate.<\/p>\n<p>Est\u00e1 fabricado con materiales de excelente calidad que garantizan su durabilidad, extrae el 95% de la humedad de las prendas en 8 segundos, es ideal para Hoteles, Campos de Golf, Clubs Deportivos, Escuelas de nataci\u00f3n y cualquier lugar donde haya una alberca.<\/p>\n<p>Es de muy f\u00e1cil uso, s\u00f3lo se oprime la tapa superior 8 segundos y se retira la prenda casi seca.<\/p>\n","protected":false},"featured_media":32,"comment_status":"open","ping_status":"closed","template":"","meta":{"_uag_custom_page_level_css":"","site-sidebar-layout":"default","site-content-layout":"","ast-site-content-layout":"default","site-content-style":"default","site-sidebar-style":"default","ast-global-header-display":"","ast-banner-title-visibility":"","ast-main-header-display":"","ast-hfb-above-header-display":"","ast-hfb-below-header-display":"","ast-hfb-mobile-header-display":"","site-post-title":"","ast-breadcrumbs-content":"","ast-featured-img":"","footer-sml-layout":"","theme-transparent-header-meta":"default","adv-header-id-meta":"","stick-header-meta":"","header-above-stick-meta":"","header-main-stick-meta":"","header-below-stick-meta":"","astra-migrate-meta-layouts":"set","ast-page-background-enabled":"default","ast-page-background-meta":{"desktop":{"background-color":"var(--ast-global-color-5)","background-image":"","background-repeat":"repeat","background-position":"center center","background-size":"auto","background-attachment":"scroll","background-type":"","background-media":"","overlay-type":"","overlay-color":"","overlay-opacity":"","overlay-gradient":""},"tablet":{"background-color":"","background-image":"","background-repeat":"repeat","background-position":"center center","background-size":"auto","background-attachment":"scroll","background-type":"","background-media":"","overlay-type":"","overlay-color":"","overlay-opacity":"","overlay-gradient":""},"mobile":{"background-color":"","background-image":"","background-repeat":"repeat","background-position":"center center","background-size":"auto","background-attachment":"scroll","background-type":"","background-media":"","overlay-type":"","overlay-color":"","overlay-opacity":"","overlay-gradient":""}},"ast-content-background-meta":{"desktop":{"background-color":"var(--ast-global-color-4)","background-image":"","background-repeat":"repeat","background-position":"center center","background-size":"auto","background-attachment":"scroll","background-type":"","background-media":"","overlay-type":"","overlay-color":"","overlay-opacity":"","overlay-gradient":""},"tablet":{"background-color":"var(--ast-global-color-4)","background-image":"","background-repeat":"repeat","background-position":"center center","background-size":"auto","background-attachment":"scroll","background-type":"","background-media":"","overlay-type":"","overlay-color":"","overlay-opacity":"","overlay-gradient":""},"mobile":{"background-color":"var(--ast-global-color-4)","background-image":"","background-repeat":"repeat","background-position":"center center","background-size":"auto","background-attachment":"scroll","background-type":"","background-media":"","overlay-type":"","overlay-color":"","overlay-opacity":"","overlay-gradient":""}},"_joinchat":[]},"product_brand":[],"product_cat":[35],"product_tag":[],"class_list":{"0":"post-356","1":"product","2":"type-product","3":"status-publish","4":"has-post-thumbnail","6":"product_cat-secador-de-trajes-de-bano","7":"desktop-align-left","8":"tablet-align-left","9":"mobile-align-left","11":"first","12":"instock","13":"featured","14":"shipping-taxable","15":"product-type-simple"},"uagb_featured_image_src":{"full":["https:\/\/teknodesarrollo.com\/wp-content\/uploads\/2025\/03\/IMAGEN-SECADOR-DE-TRAJES-DE-BANO-SUITMATE.jpg",583,705,false],"thumbnail":["https:\/\/teknodesarrollo.com\/wp-content\/uploads\/2025\/03\/IMAGEN-SECADOR-DE-TRAJES-DE-BANO-SUITMATE-150x150.jpg",150,150,true],"medium":["https:\/\/teknodesarrollo.com\/wp-content\/uploads\/2025\/03\/IMAGEN-SECADOR-DE-TRAJES-DE-BANO-SUITMATE-248x300.jpg",248,300,true],"medium_large":["https:\/\/teknodesarrollo.com\/wp-content\/uploads\/2025\/03\/IMAGEN-SECADOR-DE-TRAJES-DE-BANO-SUITMATE.jpg",583,705,false],"large":["https:\/\/teknodesarrollo.com\/wp-content\/uploads\/2025\/03\/IMAGEN-SECADOR-DE-TRAJES-DE-BANO-SUITMATE.jpg",583,705,false],"1536x1536":["https:\/\/teknodesarrollo.com\/wp-content\/uploads\/2025\/03\/IMAGEN-SECADOR-DE-TRAJES-DE-BANO-SUITMATE.jpg",583,705,false],"2048x2048":["https:\/\/teknodesarrollo.com\/wp-content\/uploads\/2025\/03\/IMAGEN-SECADOR-DE-TRAJES-DE-BANO-SUITMATE.jpg",583,705,false],"mailpoet_newsletter_max":["https:\/\/teknodesarrollo.com\/wp-content\/uploads\/2025\/03\/IMAGEN-SECADOR-DE-TRAJES-DE-BANO-SUITMATE.jpg",583,705,false],"woocommerce_thumbnail":["https:\/\/teknodesarrollo.com\/wp-content\/uploads\/2025\/03\/IMAGEN-SECADOR-DE-TRAJES-DE-BANO-SUITMATE-300x300.jpg",300,300,true],"woocommerce_single":["https:\/\/teknodesarrollo.com\/wp-content\/uploads\/2025\/03\/IMAGEN-SECADOR-DE-TRAJES-DE-BANO-SUITMATE.jpg",583,705,false],"woocommerce_gallery_thumbnail":["https:\/\/teknodesarrollo.com\/wp-content\/uploads\/2025\/03\/IMAGEN-SECADOR-DE-TRAJES-DE-BANO-SUITMATE-100x100.jpg",100,100,true]},"uagb_author_info":{"display_name":"tekno","author_link":"https:\/\/teknodesarrollo.com\/?author=0"},"uagb_comment_info":50,"uagb_excerpt":"Las prendas mojadas en cualquier alberca son un verdadero problema, la humedad permanente de los ba\u00f1os provoca enfermedades, contagios, accidentes, mala imagen, proliferaci\u00f3n de plagas, hongos etc. Los usuarios se llevar\u00e1n en sus mochilas la prenda aun mojada haciendo muy inc\u00f3modo el manejo del traje de ba\u00f1o contaminando sus dem\u00e1s prendas y su mochila. La&hellip;","jetpack_sharing_enabled":true,"_links":{"self":[{"href":"https:\/\/teknodesarrollo.com\/index.php?rest_route=\/wp\/v2\/product\/356","targetHints":{"allow":["GET"]}}],"collection":[{"href":"https:\/\/teknodesarrollo.com\/index.php?rest_route=\/wp\/v2\/product"}],"about":[{"href":"https:\/\/teknodesarrollo.com\/index.php?rest_route=\/wp\/v2\/types\/product"}],"replies":[{"embeddable":true,"href":"https:\/\/teknodesarrollo.com\/index.php?rest_route=%2Fwp%2Fv2%2Fcomments&post=356"}],"wp:featuredmedia":[{"embeddable":true,"href":"https:\/\/teknodesarrollo.com\/index.php?rest_route=\/wp\/v2\/media\/32"}],"wp:attachment":[{"href":"https:\/\/teknodesarrollo.com\/index.php?rest_route=%2Fwp%2Fv2%2Fmedia&parent=356"}],"wp:term":[{"taxonomy":"product_brand","embeddable":true,"href":"https:\/\/teknodesarrollo.com\/index.php?rest_route=%2Fwp%2Fv2%2Fproduct_brand&post=356"},{"taxonomy":"product_cat","embeddable":true,"href":"https:\/\/teknodesarrollo.com\/index.php?rest_route=%2Fwp%2Fv2%2Fproduct_cat&post=356"},{"taxonomy":"product_tag","embeddable":true,"href":"https:\/\/teknodesarrollo.com\/index.php?rest_route=%2Fwp%2Fv2%2Fproduct_tag&post=356"}],"curies":[{"name":"wp","href":"https:\/\/api.w.org\/{rel}","templated":true}]}}