{"id":1425,"date":"2025-08-27T01:07:04","date_gmt":"2025-08-27T01:07:04","guid":{"rendered":"https:\/\/teknodesarrollo.com\/?post_type=product&#038;p=1425"},"modified":"2025-08-30T15:39:52","modified_gmt":"2025-08-30T15:39:52","slug":"dispensador-de-jabon-liquido-serie-b-4112","status":"publish","type":"product","link":"https:\/\/teknodesarrollo.com\/?product=dispensador-de-jabon-liquido-serie-b-4112","title":{"rendered":"B-4112  Dispensador manual de jab\u00f3n l\u00edquido para montaje en superficie, acabado satinado, 40 onzas l\u00edquidas"},"content":{"rendered":"<p><strong>Especificaciones del producto<\/strong><\/p>\n<p><strong>Tipo de producto\u00a0:\u00a0<\/strong>Dispensador de jab\u00f3n<\/p>\n<p><strong>Acabado\u00a0:\u00a0<\/strong>Satinado<\/p>\n<p><strong>Material\u00a0:\u00a0<\/strong>acero inoxidable<\/p>\n<p><strong>Tipo de montaje\u00a0:\u00a0<\/strong>montado en la pared<\/p>\n<p><strong>Opciones de montaje\u00a0:\u00a0<\/strong>Montaje en superficie<\/p>\n<p><strong>Operaci\u00f3n\u00a0:\u00a0<\/strong>Manual<\/p>\n<p><strong>Tipo de dispensaci\u00f3n\u00a0:\u00a0<\/strong>Jab\u00f3n l\u00edquido<\/p>\n<p><strong>Capacidad\u00a0:\u00a0<\/strong>1,2 l (40 onzas l\u00edquidas)<\/p>\n<p><strong>Caracter\u00edsticas\u00a0:\u00a0<\/strong>Llenado superior, Indicador de bajo nivel de jab\u00f3n<\/p>\n<p><strong>Accesibilidad\u00a0:\u00a0<\/strong>compatible con ADA<\/p>\n","protected":false},"excerpt":{"rendered":"<p><strong>Serie B-4112<\/strong><\/p>\n<p>La v\u00e1lvula resistente a la corrosi\u00f3n dispensa jabones de manos multiusos comerciales. El recipiente es de acero inoxidable con acabado satinado. Capacidad: 1,2 L (40 onzas l\u00edquidas). Ventana para rellenar el jab\u00f3n. Fijaci\u00f3n oculta a la pared. La tapa abatible requiere una llave especial para su apertura. Resistente al vandalismo. Unidad de 180 x 155 mm (7\u2033 de ancho x 6 1\/8\u2033 de alto); distancia de la pared al pulsador: 85 mm (3 5\/16\u2033).<\/p>\n","protected":false},"featured_media":1428,"comment_status":"open","ping_status":"closed","template":"","meta":{"_uag_custom_page_level_css":"","site-sidebar-layout":"default","site-content-layout":"","ast-site-content-layout":"default","site-content-style":"default","site-sidebar-style":"default","ast-global-header-display":"","ast-banner-title-visibility":"","ast-main-header-display":"","ast-hfb-above-header-display":"","ast-hfb-below-header-display":"","ast-hfb-mobile-header-display":"","site-post-title":"","ast-breadcrumbs-content":"","ast-featured-img":"","footer-sml-layout":"","theme-transparent-header-meta":"default","adv-header-id-meta":"","stick-header-meta":"","header-above-stick-meta":"","header-main-stick-meta":"","header-below-stick-meta":"","astra-migrate-meta-layouts":"set","ast-page-background-enabled":"default","ast-page-background-meta":{"desktop":{"background-color":"var(--ast-global-color-5)","background-image":"","background-repeat":"repeat","background-position":"center center","background-size":"auto","background-attachment":"scroll","background-type":"","background-media":"","overlay-type":"","overlay-color":"","overlay-opacity":"","overlay-gradient":""},"tablet":{"background-color":"","background-image":"","background-repeat":"repeat","background-position":"center center","background-size":"auto","background-attachment":"scroll","background-type":"","background-media":"","overlay-type":"","overlay-color":"","overlay-opacity":"","overlay-gradient":""},"mobile":{"background-color":"","background-image":"","background-repeat":"repeat","background-position":"center center","background-size":"auto","background-attachment":"scroll","background-type":"","background-media":"","overlay-type":"","overlay-color":"","overlay-opacity":"","overlay-gradient":""}},"ast-content-background-meta":{"desktop":{"background-color":"var(--ast-global-color-4)","background-image":"","background-repeat":"repeat","background-position":"center center","background-size":"auto","background-attachment":"scroll","background-type":"","background-media":"","overlay-type":"","overlay-color":"","overlay-opacity":"","overlay-gradient":""},"tablet":{"background-color":"var(--ast-global-color-4)","background-image":"","background-repeat":"repeat","background-position":"center center","background-size":"auto","background-attachment":"scroll","background-type":"","background-media":"","overlay-type":"","overlay-color":"","overlay-opacity":"","overlay-gradient":""},"mobile":{"background-color":"var(--ast-global-color-4)","background-image":"","background-repeat":"repeat","background-position":"center center","background-size":"auto","background-attachment":"scroll","background-type":"","background-media":"","overlay-type":"","overlay-color":"","overlay-opacity":"","overlay-gradient":""}},"_joinchat":[]},"product_brand":[],"product_cat":[53],"product_tag":[],"class_list":{"0":"post-1425","1":"product","2":"type-product","3":"status-publish","4":"has-post-thumbnail","6":"product_cat-jaboneras-de-acero-inoxidable","7":"desktop-align-left","8":"tablet-align-left","9":"mobile-align-left","11":"first","12":"instock","13":"shipping-taxable","14":"product-type-simple"},"uagb_featured_image_src":{"full":["https:\/\/teknodesarrollo.com\/wp-content\/uploads\/2025\/08\/BOB-B-4112_CA-300x300-1.jpg",300,300,false],"thumbnail":["https:\/\/teknodesarrollo.com\/wp-content\/uploads\/2025\/08\/BOB-B-4112_CA-300x300-1-150x150.jpg",150,150,true],"medium":["https:\/\/teknodesarrollo.com\/wp-content\/uploads\/2025\/08\/BOB-B-4112_CA-300x300-1.jpg",300,300,false],"medium_large":["https:\/\/teknodesarrollo.com\/wp-content\/uploads\/2025\/08\/BOB-B-4112_CA-300x300-1.jpg",300,300,false],"large":["https:\/\/teknodesarrollo.com\/wp-content\/uploads\/2025\/08\/BOB-B-4112_CA-300x300-1.jpg",300,300,false],"1536x1536":["https:\/\/teknodesarrollo.com\/wp-content\/uploads\/2025\/08\/BOB-B-4112_CA-300x300-1.jpg",300,300,false],"2048x2048":["https:\/\/teknodesarrollo.com\/wp-content\/uploads\/2025\/08\/BOB-B-4112_CA-300x300-1.jpg",300,300,false],"mailpoet_newsletter_max":["https:\/\/teknodesarrollo.com\/wp-content\/uploads\/2025\/08\/BOB-B-4112_CA-300x300-1.jpg",300,300,false],"woocommerce_thumbnail":["https:\/\/teknodesarrollo.com\/wp-content\/uploads\/2025\/08\/BOB-B-4112_CA-300x300-1.jpg",300,300,false],"woocommerce_single":["https:\/\/teknodesarrollo.com\/wp-content\/uploads\/2025\/08\/BOB-B-4112_CA-300x300-1.jpg",300,300,false],"woocommerce_gallery_thumbnail":["https:\/\/teknodesarrollo.com\/wp-content\/uploads\/2025\/08\/BOB-B-4112_CA-300x300-1-100x100.jpg",100,100,true]},"uagb_author_info":{"display_name":"tekno","author_link":"https:\/\/teknodesarrollo.com\/?author=0"},"uagb_comment_info":0,"uagb_excerpt":"Serie B-4112 La v\u00e1lvula resistente a la corrosi\u00f3n dispensa jabones de manos multiusos comerciales. El recipiente es de acero inoxidable con acabado satinado. Capacidad: 1,2 L (40 onzas l\u00edquidas). Ventana para rellenar el jab\u00f3n. Fijaci\u00f3n oculta a la pared. La tapa abatible requiere una llave especial para su apertura. Resistente al vandalismo. Unidad de 180&hellip;","jetpack_sharing_enabled":true,"_links":{"self":[{"href":"https:\/\/teknodesarrollo.com\/index.php?rest_route=\/wp\/v2\/product\/1425","targetHints":{"allow":["GET"]}}],"collection":[{"href":"https:\/\/teknodesarrollo.com\/index.php?rest_route=\/wp\/v2\/product"}],"about":[{"href":"https:\/\/teknodesarrollo.com\/index.php?rest_route=\/wp\/v2\/types\/product"}],"replies":[{"embeddable":true,"href":"https:\/\/teknodesarrollo.com\/index.php?rest_route=%2Fwp%2Fv2%2Fcomments&post=1425"}],"wp:featuredmedia":[{"embeddable":true,"href":"https:\/\/teknodesarrollo.com\/index.php?rest_route=\/wp\/v2\/media\/1428"}],"wp:attachment":[{"href":"https:\/\/teknodesarrollo.com\/index.php?rest_route=%2Fwp%2Fv2%2Fmedia&parent=1425"}],"wp:term":[{"taxonomy":"product_brand","embeddable":true,"href":"https:\/\/teknodesarrollo.com\/index.php?rest_route=%2Fwp%2Fv2%2Fproduct_brand&post=1425"},{"taxonomy":"product_cat","embeddable":true,"href":"https:\/\/teknodesarrollo.com\/index.php?rest_route=%2Fwp%2Fv2%2Fproduct_cat&post=1425"},{"taxonomy":"product_tag","embeddable":true,"href":"https:\/\/teknodesarrollo.com\/index.php?rest_route=%2Fwp%2Fv2%2Fproduct_tag&post=1425"}],"curies":[{"name":"wp","href":"https:\/\/api.w.org\/{rel}","templated":true}]}}