{"id":1402,"date":"2025-08-21T03:44:04","date_gmt":"2025-08-21T03:44:04","guid":{"rendered":"https:\/\/teknodesarrollo.com\/?post_type=product&#038;p=1402"},"modified":"2025-08-30T15:44:27","modified_gmt":"2025-08-30T15:44:27","slug":"barras-de-seguridad-recta-antideslizante-serie-b-6806-99","status":"publish","type":"product","link":"https:\/\/teknodesarrollo.com\/?product=barras-de-seguridad-recta-antideslizante-serie-b-6806-99","title":{"rendered":"B-6806.99  Barras de Seguridad Recta Antideslizante"},"content":{"rendered":"<p>La serie B-6806.99 tiene un di\u00e1metro de 1 \u00bd pulgada (3.8 cm.) y hay en las siguientes medidas.<\/p>\n<p>C\u00f3digos y Medidas<\/p>\n<p>B-6806.99 X 12\u00a0\u00a0 3.8 cm de di\u00e1metro por 30 cm. De largo<\/p>\n<p>B-6806.99 X 18\u00a0\u00a0 3.8 cm de di\u00e1metro por 46 cm. De largo<\/p>\n<p>B-6806.99 X 24\u00a0\u00a0 3.8 cm de di\u00e1metro por 60.9 cm. De largo<\/p>\n<p>B-6806.99 X 30\u00a0\u00a0 3.8 cm de di\u00e1metro por 76.2 cm. De largo<\/p>\n<p>B-6806.99 X 36\u00a0\u00a0 3.8 cm de di\u00e1metro por 91.4 cm. De largo<\/p>\n<p>B-6806.99 X 42\u00a0\u00a0 3.8 cm de di\u00e1metro por 106.6 cm. De largo<\/p>\n<p>B-6806.99 X 48\u00a0\u00a0 3.8 cm de di\u00e1metro por 121.9 cm. De largo<\/p>\n","protected":false},"excerpt":{"rendered":"<p>Producto fabricado en acero inoxidable tipo 304 de calibre 18 con acabado Antideslizante de la m\u00e1s alta calidad, ideal para dar seguridad a ni\u00f1os, adultos y adultos mayores al utilizar ba\u00f1os y regaderas.<\/p>\n","protected":false},"featured_media":1400,"comment_status":"open","ping_status":"closed","template":"","meta":{"_uag_custom_page_level_css":"","site-sidebar-layout":"default","site-content-layout":"","ast-site-content-layout":"default","site-content-style":"default","site-sidebar-style":"default","ast-global-header-display":"","ast-banner-title-visibility":"","ast-main-header-display":"","ast-hfb-above-header-display":"","ast-hfb-below-header-display":"","ast-hfb-mobile-header-display":"","site-post-title":"","ast-breadcrumbs-content":"","ast-featured-img":"","footer-sml-layout":"","theme-transparent-header-meta":"default","adv-header-id-meta":"","stick-header-meta":"","header-above-stick-meta":"","header-main-stick-meta":"","header-below-stick-meta":"","astra-migrate-meta-layouts":"set","ast-page-background-enabled":"default","ast-page-background-meta":{"desktop":{"background-color":"var(--ast-global-color-5)","background-image":"","background-repeat":"repeat","background-position":"center center","background-size":"auto","background-attachment":"scroll","background-type":"","background-media":"","overlay-type":"","overlay-color":"","overlay-opacity":"","overlay-gradient":""},"tablet":{"background-color":"","background-image":"","background-repeat":"repeat","background-position":"center center","background-size":"auto","background-attachment":"scroll","background-type":"","background-media":"","overlay-type":"","overlay-color":"","overlay-opacity":"","overlay-gradient":""},"mobile":{"background-color":"","background-image":"","background-repeat":"repeat","background-position":"center center","background-size":"auto","background-attachment":"scroll","background-type":"","background-media":"","overlay-type":"","overlay-color":"","overlay-opacity":"","overlay-gradient":""}},"ast-content-background-meta":{"desktop":{"background-color":"var(--ast-global-color-4)","background-image":"","background-repeat":"repeat","background-position":"center center","background-size":"auto","background-attachment":"scroll","background-type":"","background-media":"","overlay-type":"","overlay-color":"","overlay-opacity":"","overlay-gradient":""},"tablet":{"background-color":"var(--ast-global-color-4)","background-image":"","background-repeat":"repeat","background-position":"center center","background-size":"auto","background-attachment":"scroll","background-type":"","background-media":"","overlay-type":"","overlay-color":"","overlay-opacity":"","overlay-gradient":""},"mobile":{"background-color":"var(--ast-global-color-4)","background-image":"","background-repeat":"repeat","background-position":"center center","background-size":"auto","background-attachment":"scroll","background-type":"","background-media":"","overlay-type":"","overlay-color":"","overlay-opacity":"","overlay-gradient":""}},"_joinchat":[]},"product_brand":[],"product_cat":[33],"product_tag":[],"class_list":{"0":"post-1402","1":"product","2":"type-product","3":"status-publish","4":"has-post-thumbnail","6":"product_cat-barras-de-sujecion","7":"desktop-align-left","8":"tablet-align-left","9":"mobile-align-left","11":"first","12":"instock","13":"shipping-taxable","14":"product-type-simple"},"uagb_featured_image_src":{"full":["https:\/\/teknodesarrollo.com\/wp-content\/uploads\/2025\/08\/BARRA-DE-SUJECION-SERIE-B-6806.jpg",880,1024,false],"thumbnail":["https:\/\/teknodesarrollo.com\/wp-content\/uploads\/2025\/08\/BARRA-DE-SUJECION-SERIE-B-6806-150x150.jpg",150,150,true],"medium":["https:\/\/teknodesarrollo.com\/wp-content\/uploads\/2025\/08\/BARRA-DE-SUJECION-SERIE-B-6806-258x300.jpg",258,300,true],"medium_large":["https:\/\/teknodesarrollo.com\/wp-content\/uploads\/2025\/08\/BARRA-DE-SUJECION-SERIE-B-6806-768x894.jpg",768,894,true],"large":["https:\/\/teknodesarrollo.com\/wp-content\/uploads\/2025\/08\/BARRA-DE-SUJECION-SERIE-B-6806.jpg",880,1024,false],"1536x1536":["https:\/\/teknodesarrollo.com\/wp-content\/uploads\/2025\/08\/BARRA-DE-SUJECION-SERIE-B-6806.jpg",880,1024,false],"2048x2048":["https:\/\/teknodesarrollo.com\/wp-content\/uploads\/2025\/08\/BARRA-DE-SUJECION-SERIE-B-6806.jpg",880,1024,false],"mailpoet_newsletter_max":["https:\/\/teknodesarrollo.com\/wp-content\/uploads\/2025\/08\/BARRA-DE-SUJECION-SERIE-B-6806.jpg",880,1024,false],"woocommerce_thumbnail":["https:\/\/teknodesarrollo.com\/wp-content\/uploads\/2025\/08\/BARRA-DE-SUJECION-SERIE-B-6806-300x300.jpg",300,300,true],"woocommerce_single":["https:\/\/teknodesarrollo.com\/wp-content\/uploads\/2025\/08\/BARRA-DE-SUJECION-SERIE-B-6806-600x698.jpg",600,698,true],"woocommerce_gallery_thumbnail":["https:\/\/teknodesarrollo.com\/wp-content\/uploads\/2025\/08\/BARRA-DE-SUJECION-SERIE-B-6806-100x100.jpg",100,100,true]},"uagb_author_info":{"display_name":"tekno","author_link":"https:\/\/teknodesarrollo.com\/?author=0"},"uagb_comment_info":0,"uagb_excerpt":"Producto fabricado en acero inoxidable tipo 304 de calibre 18 con acabado Antideslizante de la m\u00e1s alta calidad, ideal para dar seguridad a ni\u00f1os, adultos y adultos mayores al utilizar ba\u00f1os y regaderas.","jetpack_sharing_enabled":true,"_links":{"self":[{"href":"https:\/\/teknodesarrollo.com\/index.php?rest_route=\/wp\/v2\/product\/1402","targetHints":{"allow":["GET"]}}],"collection":[{"href":"https:\/\/teknodesarrollo.com\/index.php?rest_route=\/wp\/v2\/product"}],"about":[{"href":"https:\/\/teknodesarrollo.com\/index.php?rest_route=\/wp\/v2\/types\/product"}],"replies":[{"embeddable":true,"href":"https:\/\/teknodesarrollo.com\/index.php?rest_route=%2Fwp%2Fv2%2Fcomments&post=1402"}],"wp:featuredmedia":[{"embeddable":true,"href":"https:\/\/teknodesarrollo.com\/index.php?rest_route=\/wp\/v2\/media\/1400"}],"wp:attachment":[{"href":"https:\/\/teknodesarrollo.com\/index.php?rest_route=%2Fwp%2Fv2%2Fmedia&parent=1402"}],"wp:term":[{"taxonomy":"product_brand","embeddable":true,"href":"https:\/\/teknodesarrollo.com\/index.php?rest_route=%2Fwp%2Fv2%2Fproduct_brand&post=1402"},{"taxonomy":"product_cat","embeddable":true,"href":"https:\/\/teknodesarrollo.com\/index.php?rest_route=%2Fwp%2Fv2%2Fproduct_cat&post=1402"},{"taxonomy":"product_tag","embeddable":true,"href":"https:\/\/teknodesarrollo.com\/index.php?rest_route=%2Fwp%2Fv2%2Fproduct_tag&post=1402"}],"curies":[{"name":"wp","href":"https:\/\/api.w.org\/{rel}","templated":true}]}}