{"id":1388,"date":"2025-08-21T01:53:42","date_gmt":"2025-08-21T01:53:42","guid":{"rendered":"https:\/\/teknodesarrollo.com\/?post_type=product&#038;p=1388"},"modified":"2025-08-30T15:48:36","modified_gmt":"2025-08-30T15:48:36","slug":"barra-de-seguridad-a-dos-paredes-serie-b-5837","status":"publish","type":"product","link":"https:\/\/teknodesarrollo.com\/?product=barra-de-seguridad-a-dos-paredes-serie-b-5837","title":{"rendered":"B-5837  Barra de Seguridad a dos paredes"},"content":{"rendered":"<p>La serie B-5837 tiene un di\u00e1metro de 1 \u00bc de pulgada (3.2 cm.) y 101 X 146.5 cent\u00edmetros<\/p>\n<p>Sujeci\u00f3n a dos caras de muros o mamparas, con brida a presi\u00f3n para ocultar la torniller\u00eda.<\/p>\n<p>Ideal para facilitar el uso de las instalaciones a personas en silla de ruedas.<\/p>\n<p>Soporta hasta 113 kg cuando est\u00e1 correctamente instalado.<\/p>\n","protected":false},"excerpt":{"rendered":"<p>Barra de Seguridad a dos paredes Serie B-5837<\/p>\n<p>Fabricado en acero inoxidable tipo 304 de calibre 18 con acabado satinado.<\/p>\n<p>La tapa se ajusta a presi\u00f3n sobre la brida de montaje para ocultar los tornillos.<\/p>\n<p>Producto ideal para dar seguridad a ni\u00f1os, adultos y adultos mayores al utilizar ba\u00f1os y regaderas.<\/p>\n","protected":false},"featured_media":1389,"comment_status":"open","ping_status":"closed","template":"","meta":{"_uag_custom_page_level_css":"","site-sidebar-layout":"default","site-content-layout":"","ast-site-content-layout":"default","site-content-style":"default","site-sidebar-style":"default","ast-global-header-display":"","ast-banner-title-visibility":"","ast-main-header-display":"","ast-hfb-above-header-display":"","ast-hfb-below-header-display":"","ast-hfb-mobile-header-display":"","site-post-title":"","ast-breadcrumbs-content":"","ast-featured-img":"","footer-sml-layout":"","theme-transparent-header-meta":"default","adv-header-id-meta":"","stick-header-meta":"","header-above-stick-meta":"","header-main-stick-meta":"","header-below-stick-meta":"","astra-migrate-meta-layouts":"set","ast-page-background-enabled":"default","ast-page-background-meta":{"desktop":{"background-color":"var(--ast-global-color-5)","background-image":"","background-repeat":"repeat","background-position":"center center","background-size":"auto","background-attachment":"scroll","background-type":"","background-media":"","overlay-type":"","overlay-color":"","overlay-opacity":"","overlay-gradient":""},"tablet":{"background-color":"","background-image":"","background-repeat":"repeat","background-position":"center center","background-size":"auto","background-attachment":"scroll","background-type":"","background-media":"","overlay-type":"","overlay-color":"","overlay-opacity":"","overlay-gradient":""},"mobile":{"background-color":"","background-image":"","background-repeat":"repeat","background-position":"center center","background-size":"auto","background-attachment":"scroll","background-type":"","background-media":"","overlay-type":"","overlay-color":"","overlay-opacity":"","overlay-gradient":""}},"ast-content-background-meta":{"desktop":{"background-color":"var(--ast-global-color-4)","background-image":"","background-repeat":"repeat","background-position":"center center","background-size":"auto","background-attachment":"scroll","background-type":"","background-media":"","overlay-type":"","overlay-color":"","overlay-opacity":"","overlay-gradient":""},"tablet":{"background-color":"var(--ast-global-color-4)","background-image":"","background-repeat":"repeat","background-position":"center center","background-size":"auto","background-attachment":"scroll","background-type":"","background-media":"","overlay-type":"","overlay-color":"","overlay-opacity":"","overlay-gradient":""},"mobile":{"background-color":"var(--ast-global-color-4)","background-image":"","background-repeat":"repeat","background-position":"center center","background-size":"auto","background-attachment":"scroll","background-type":"","background-media":"","overlay-type":"","overlay-color":"","overlay-opacity":"","overlay-gradient":""}},"_joinchat":[]},"product_brand":[],"product_cat":[33],"product_tag":[],"class_list":{"0":"post-1388","1":"product","2":"type-product","3":"status-publish","4":"has-post-thumbnail","6":"product_cat-barras-de-sujecion","7":"desktop-align-left","8":"tablet-align-left","9":"mobile-align-left","11":"first","12":"instock","13":"shipping-taxable","14":"product-type-simple"},"uagb_featured_image_src":{"full":["https:\/\/teknodesarrollo.com\/wp-content\/uploads\/2025\/08\/B-5837_up1_thumb.jpg",150,150,false],"thumbnail":["https:\/\/teknodesarrollo.com\/wp-content\/uploads\/2025\/08\/B-5837_up1_thumb.jpg",150,150,false],"medium":["https:\/\/teknodesarrollo.com\/wp-content\/uploads\/2025\/08\/B-5837_up1_thumb.jpg",150,150,false],"medium_large":["https:\/\/teknodesarrollo.com\/wp-content\/uploads\/2025\/08\/B-5837_up1_thumb.jpg",150,150,false],"large":["https:\/\/teknodesarrollo.com\/wp-content\/uploads\/2025\/08\/B-5837_up1_thumb.jpg",150,150,false],"1536x1536":["https:\/\/teknodesarrollo.com\/wp-content\/uploads\/2025\/08\/B-5837_up1_thumb.jpg",150,150,false],"2048x2048":["https:\/\/teknodesarrollo.com\/wp-content\/uploads\/2025\/08\/B-5837_up1_thumb.jpg",150,150,false],"mailpoet_newsletter_max":["https:\/\/teknodesarrollo.com\/wp-content\/uploads\/2025\/08\/B-5837_up1_thumb.jpg",150,150,false],"woocommerce_thumbnail":["https:\/\/teknodesarrollo.com\/wp-content\/uploads\/2025\/08\/B-5837_up1_thumb.jpg",150,150,false],"woocommerce_single":["https:\/\/teknodesarrollo.com\/wp-content\/uploads\/2025\/08\/B-5837_up1_thumb.jpg",150,150,false],"woocommerce_gallery_thumbnail":["https:\/\/teknodesarrollo.com\/wp-content\/uploads\/2025\/08\/B-5837_up1_thumb-100x100.jpg",100,100,true]},"uagb_author_info":{"display_name":"tekno","author_link":"https:\/\/teknodesarrollo.com\/?author=0"},"uagb_comment_info":0,"uagb_excerpt":"Barra de Seguridad a dos paredes Serie B-5837 Fabricado en acero inoxidable tipo 304 de calibre 18 con acabado satinado. La tapa se ajusta a presi\u00f3n sobre la brida de montaje para ocultar los tornillos. Producto ideal para dar seguridad a ni\u00f1os, adultos y adultos mayores al utilizar ba\u00f1os y regaderas.","jetpack_sharing_enabled":true,"_links":{"self":[{"href":"https:\/\/teknodesarrollo.com\/index.php?rest_route=\/wp\/v2\/product\/1388","targetHints":{"allow":["GET"]}}],"collection":[{"href":"https:\/\/teknodesarrollo.com\/index.php?rest_route=\/wp\/v2\/product"}],"about":[{"href":"https:\/\/teknodesarrollo.com\/index.php?rest_route=\/wp\/v2\/types\/product"}],"replies":[{"embeddable":true,"href":"https:\/\/teknodesarrollo.com\/index.php?rest_route=%2Fwp%2Fv2%2Fcomments&post=1388"}],"wp:featuredmedia":[{"embeddable":true,"href":"https:\/\/teknodesarrollo.com\/index.php?rest_route=\/wp\/v2\/media\/1389"}],"wp:attachment":[{"href":"https:\/\/teknodesarrollo.com\/index.php?rest_route=%2Fwp%2Fv2%2Fmedia&parent=1388"}],"wp:term":[{"taxonomy":"product_brand","embeddable":true,"href":"https:\/\/teknodesarrollo.com\/index.php?rest_route=%2Fwp%2Fv2%2Fproduct_brand&post=1388"},{"taxonomy":"product_cat","embeddable":true,"href":"https:\/\/teknodesarrollo.com\/index.php?rest_route=%2Fwp%2Fv2%2Fproduct_cat&post=1388"},{"taxonomy":"product_tag","embeddable":true,"href":"https:\/\/teknodesarrollo.com\/index.php?rest_route=%2Fwp%2Fv2%2Fproduct_tag&post=1388"}],"curies":[{"name":"wp","href":"https:\/\/api.w.org\/{rel}","templated":true}]}}