{"id":1357,"date":"2025-08-20T02:49:20","date_gmt":"2025-08-20T02:49:20","guid":{"rendered":"https:\/\/teknodesarrollo.com\/?post_type=product&#038;p=1357"},"modified":"2025-11-26T02:52:57","modified_gmt":"2025-11-26T02:52:57","slug":"brave-liquido-quitacochambre","status":"publish","type":"product","link":"https:\/\/teknodesarrollo.com\/?product=brave-liquido-quitacochambre","title":{"rendered":"BRAVE LIQUIDO QUITACOCHAMBRE"},"content":{"rendered":"<p>El alto poder desengrasante de <strong>BRAVE<\/strong> permite diluciones de hasta 10 partes de agua.<\/p>\n<p>La funci\u00f3n humectante de<strong> BRAVE<\/strong> le permite penetrar a trav\u00e9s del cochambre mientras que su funci\u00f3n emulsificante lo remueve, permitiendo retirarlo f\u00e1cilmente con el tallado y enjuague dejando completamente limpia la superficie.<\/p>\n<p><strong>BRAVE<\/strong> no desprende vapores t\u00f3xicos que afecten las v\u00edas respiratorias.<\/p>\n<p>La formulaci\u00f3n de <strong>BRAVE<\/strong> le permite remover la grasa y el cochambre en menos tiempo que el utilizado con otros productos.<\/p>\n<p>El tallado para la remoci\u00f3n no requiere de excesiva fuerza f\u00edsica.<\/p>\n<p><strong>BRAVE<\/strong> es f\u00e1cil de aplicar y permite hacerlo en superficies fr\u00edas o calientes que no superen 80 c<\/p>\n<p>Las diluciones a las que se recomienda utilizar <strong>BRAVE<\/strong> son:<\/p>\n<p>1.- En superficies fr\u00edas diluya 1 parte de <strong>BRAVE<\/strong> en 5 de agua.<\/p>\n<p>2.- En superficies calientes diluya 1 parte de <strong>BRAVE<\/strong> en 10 de agua.<\/p>\n<p>3.- Para limpieza pesada utilice <strong>BRAVE<\/strong> sin diluir.<\/p>\n<p><strong><u>PRECAUCIONES:<\/u><\/strong><\/p>\n<p>Siempre utilice guantes. Mant\u00e9ngase alejado de los ni\u00f1os. Evite la ingesti\u00f3n y el contacto con los ojos, en tal caso lave con abundante agua y consulte a su m\u00e9dico. Por su agresividad con la piel, <strong>BRAVE<\/strong> no es recomendado para la limpieza de superficies altas como campanas o extractores. Ag\u00edtese antes de usarlo.<\/p>\n<p><strong>BRAVE<\/strong> se presenta en 20 kilos<\/p>\n<p>&nbsp;<\/p>\n<p>&nbsp;<\/p>\n","protected":false},"excerpt":{"rendered":"<p><strong>BRAVE<\/strong> es un potente limpiador alcalino dise\u00f1ado para remover grasa y cochambre de parrillas, freidores y hornos.<\/p>\n<p><strong>BRAVE<\/strong> humedece, penetra y reacciona con la grasa y cochambre permitiendo retirarlos f\u00e1cilmente con el enjuagado, dejando completamente limpia la superficie.<\/p>\n<p><strong>BRAVE<\/strong> es indispensable en bares, restaurantes, comedores industriales, cafeter\u00edas, loncher\u00edas, puestos de comida r\u00e1pida y en general en cualquier lugar en donde existan parrillas, hornos, estufas, freidoras, etc.<\/p>\n","protected":false},"featured_media":1358,"comment_status":"open","ping_status":"closed","template":"","meta":{"_uag_custom_page_level_css":"","site-sidebar-layout":"default","site-content-layout":"","ast-site-content-layout":"default","site-content-style":"default","site-sidebar-style":"default","ast-global-header-display":"","ast-banner-title-visibility":"","ast-main-header-display":"","ast-hfb-above-header-display":"","ast-hfb-below-header-display":"","ast-hfb-mobile-header-display":"","site-post-title":"","ast-breadcrumbs-content":"","ast-featured-img":"","footer-sml-layout":"","theme-transparent-header-meta":"default","adv-header-id-meta":"","stick-header-meta":"","header-above-stick-meta":"","header-main-stick-meta":"","header-below-stick-meta":"","astra-migrate-meta-layouts":"set","ast-page-background-enabled":"default","ast-page-background-meta":{"desktop":{"background-color":"var(--ast-global-color-5)","background-image":"","background-repeat":"repeat","background-position":"center center","background-size":"auto","background-attachment":"scroll","background-type":"","background-media":"","overlay-type":"","overlay-color":"","overlay-opacity":"","overlay-gradient":""},"tablet":{"background-color":"","background-image":"","background-repeat":"repeat","background-position":"center center","background-size":"auto","background-attachment":"scroll","background-type":"","background-media":"","overlay-type":"","overlay-color":"","overlay-opacity":"","overlay-gradient":""},"mobile":{"background-color":"","background-image":"","background-repeat":"repeat","background-position":"center center","background-size":"auto","background-attachment":"scroll","background-type":"","background-media":"","overlay-type":"","overlay-color":"","overlay-opacity":"","overlay-gradient":""}},"ast-content-background-meta":{"desktop":{"background-color":"var(--ast-global-color-4)","background-image":"","background-repeat":"repeat","background-position":"center center","background-size":"auto","background-attachment":"scroll","background-type":"","background-media":"","overlay-type":"","overlay-color":"","overlay-opacity":"","overlay-gradient":""},"tablet":{"background-color":"var(--ast-global-color-4)","background-image":"","background-repeat":"repeat","background-position":"center center","background-size":"auto","background-attachment":"scroll","background-type":"","background-media":"","overlay-type":"","overlay-color":"","overlay-opacity":"","overlay-gradient":""},"mobile":{"background-color":"var(--ast-global-color-4)","background-image":"","background-repeat":"repeat","background-position":"center center","background-size":"auto","background-attachment":"scroll","background-type":"","background-media":"","overlay-type":"","overlay-color":"","overlay-opacity":"","overlay-gradient":""}},"_joinchat":[]},"product_brand":[],"product_cat":[36],"product_tag":[],"class_list":{"0":"post-1357","1":"product","2":"type-product","3":"status-publish","4":"has-post-thumbnail","6":"product_cat-tekno-higiene","7":"desktop-align-left","8":"tablet-align-left","9":"mobile-align-left","11":"first","12":"instock","13":"shipping-taxable","14":"product-type-simple"},"uagb_featured_image_src":{"full":["https:\/\/teknodesarrollo.com\/wp-content\/uploads\/2025\/08\/descarga.jpg",225,225,false],"thumbnail":["https:\/\/teknodesarrollo.com\/wp-content\/uploads\/2025\/08\/descarga-150x150.jpg",150,150,true],"medium":["https:\/\/teknodesarrollo.com\/wp-content\/uploads\/2025\/08\/descarga.jpg",225,225,false],"medium_large":["https:\/\/teknodesarrollo.com\/wp-content\/uploads\/2025\/08\/descarga.jpg",225,225,false],"large":["https:\/\/teknodesarrollo.com\/wp-content\/uploads\/2025\/08\/descarga.jpg",225,225,false],"1536x1536":["https:\/\/teknodesarrollo.com\/wp-content\/uploads\/2025\/08\/descarga.jpg",225,225,false],"2048x2048":["https:\/\/teknodesarrollo.com\/wp-content\/uploads\/2025\/08\/descarga.jpg",225,225,false],"mailpoet_newsletter_max":["https:\/\/teknodesarrollo.com\/wp-content\/uploads\/2025\/08\/descarga.jpg",225,225,false],"woocommerce_thumbnail":["https:\/\/teknodesarrollo.com\/wp-content\/uploads\/2025\/08\/descarga.jpg",225,225,false],"woocommerce_single":["https:\/\/teknodesarrollo.com\/wp-content\/uploads\/2025\/08\/descarga.jpg",225,225,false],"woocommerce_gallery_thumbnail":["https:\/\/teknodesarrollo.com\/wp-content\/uploads\/2025\/08\/descarga-100x100.jpg",100,100,true]},"uagb_author_info":{"display_name":"tekno","author_link":"https:\/\/teknodesarrollo.com\/?author=0"},"uagb_comment_info":3,"uagb_excerpt":"BRAVE es un potente limpiador alcalino dise\u00f1ado para remover grasa y cochambre de parrillas, freidores y hornos. BRAVE humedece, penetra y reacciona con la grasa y cochambre permitiendo retirarlos f\u00e1cilmente con el enjuagado, dejando completamente limpia la superficie. BRAVE es indispensable en bares, restaurantes, comedores industriales, cafeter\u00edas, loncher\u00edas, puestos de comida r\u00e1pida y en general&hellip;","jetpack_sharing_enabled":true,"_links":{"self":[{"href":"https:\/\/teknodesarrollo.com\/index.php?rest_route=\/wp\/v2\/product\/1357","targetHints":{"allow":["GET"]}}],"collection":[{"href":"https:\/\/teknodesarrollo.com\/index.php?rest_route=\/wp\/v2\/product"}],"about":[{"href":"https:\/\/teknodesarrollo.com\/index.php?rest_route=\/wp\/v2\/types\/product"}],"replies":[{"embeddable":true,"href":"https:\/\/teknodesarrollo.com\/index.php?rest_route=%2Fwp%2Fv2%2Fcomments&post=1357"}],"wp:featuredmedia":[{"embeddable":true,"href":"https:\/\/teknodesarrollo.com\/index.php?rest_route=\/wp\/v2\/media\/1358"}],"wp:attachment":[{"href":"https:\/\/teknodesarrollo.com\/index.php?rest_route=%2Fwp%2Fv2%2Fmedia&parent=1357"}],"wp:term":[{"taxonomy":"product_brand","embeddable":true,"href":"https:\/\/teknodesarrollo.com\/index.php?rest_route=%2Fwp%2Fv2%2Fproduct_brand&post=1357"},{"taxonomy":"product_cat","embeddable":true,"href":"https:\/\/teknodesarrollo.com\/index.php?rest_route=%2Fwp%2Fv2%2Fproduct_cat&post=1357"},{"taxonomy":"product_tag","embeddable":true,"href":"https:\/\/teknodesarrollo.com\/index.php?rest_route=%2Fwp%2Fv2%2Fproduct_tag&post=1357"}],"curies":[{"name":"wp","href":"https:\/\/api.w.org\/{rel}","templated":true}]}}