{"id":1345,"date":"2025-08-20T00:18:26","date_gmt":"2025-08-20T00:18:26","guid":{"rendered":"https:\/\/teknodesarrollo.com\/?post_type=product&#038;p=1345"},"modified":"2026-01-05T16:59:48","modified_gmt":"2026-01-05T16:59:48","slug":"tekno-plomb-destapacanos","status":"publish","type":"product","link":"https:\/\/teknodesarrollo.com\/?product=tekno-plomb-destapacanos","title":{"rendered":"TEKNO PLOMB DESTAPACA\u00d1OS"},"content":{"rendered":"<p><strong><u>MODO DE EMPLEO:<\/u><\/strong><strong><u>\u00a0<\/u><\/strong><\/p>\n<ol>\n<li><strong>A) Mantenimiento preventivo:<\/strong><strong style=\"font-size: 16px;\">\u00a0<\/strong><\/li>\n<\/ol>\n<p>Aplique un cuarto de litro de <strong>TEKNOPLOMB<\/strong> una vez por semana en las ca\u00f1er\u00edas m\u00e1s susceptibles de\u00a0\u00a0\u00a0 obstruirse, sin salpicar las superficies adyacentes, espere 10 minutos y vierta agua fr\u00eda para enjuagar las ca\u00f1er\u00edas.<\/p>\n<ol>\n<li><strong>B) Mantenimiento correctivo:<\/strong><\/li>\n<\/ol>\n<p>Elimine el exceso de agua, vierta \u00bd litro de <strong>TEKNOPLOMB<\/strong> lentamente, espere 30 minutos y observe si baja el nivel del agua, si no es as\u00ed repita la operaci\u00f3n y de ser necesario aux\u00edliese con la bomba de hule, al terminar enjuague con agua fr\u00eda.<\/p>\n<p><strong><u>PRECAUCIONES:<\/u><\/strong><\/p>\n<p>Siempre utilice guantes de hule. No lo mezcle con otros productos, solo con agua.<\/p>\n<p>Evite el contacto con los ojos en caso de existir enjuague con agua abundante durante 15 minutos.\u00a0 En caso de contacto con la piel retire el producto en seco, despu\u00e9s trate como quemadura qu\u00edmica. Consulte a su m\u00e9dico de inmediato<\/p>\n<p><strong>TEKNOPLOMB<\/strong> est\u00e1 disponible en 20 Kilos<\/p>\n","protected":false},"excerpt":{"rendered":"<p><strong>TEKNOPLOMB<\/strong> reblandece, disuelve y elimina f\u00e1cilmente grasa, papel, cabello, restos de comida y otros materiales que obstruyen las ca\u00f1er\u00edas y provocan mal olor sin da\u00f1ar los aparatos sanitarios y conexiones en que se aplica.<\/p>\n<p><strong>TEKNOPLOMB<\/strong> ayuda a evitar la proliferaci\u00f3n de insectos, bacterias y hongos causantes de enfermedades.<\/p>\n<p><strong>TEKNOPLOMB<\/strong> es ideal para utilizarse en drenajes de ba\u00f1os y cocinas de restaurantes, comedores industriales, empacadoras de alimentos, hoteles, oficinas, etc.<\/p>\n","protected":false},"featured_media":392,"comment_status":"open","ping_status":"closed","template":"","meta":{"_uag_custom_page_level_css":"","site-sidebar-layout":"default","site-content-layout":"","ast-site-content-layout":"default","site-content-style":"default","site-sidebar-style":"default","ast-global-header-display":"","ast-banner-title-visibility":"","ast-main-header-display":"","ast-hfb-above-header-display":"","ast-hfb-below-header-display":"","ast-hfb-mobile-header-display":"","site-post-title":"","ast-breadcrumbs-content":"","ast-featured-img":"","footer-sml-layout":"","theme-transparent-header-meta":"default","adv-header-id-meta":"","stick-header-meta":"","header-above-stick-meta":"","header-main-stick-meta":"","header-below-stick-meta":"","astra-migrate-meta-layouts":"set","ast-page-background-enabled":"default","ast-page-background-meta":{"desktop":{"background-color":"var(--ast-global-color-5)","background-image":"","background-repeat":"repeat","background-position":"center center","background-size":"auto","background-attachment":"scroll","background-type":"","background-media":"","overlay-type":"","overlay-color":"","overlay-opacity":"","overlay-gradient":""},"tablet":{"background-color":"","background-image":"","background-repeat":"repeat","background-position":"center center","background-size":"auto","background-attachment":"scroll","background-type":"","background-media":"","overlay-type":"","overlay-color":"","overlay-opacity":"","overlay-gradient":""},"mobile":{"background-color":"","background-image":"","background-repeat":"repeat","background-position":"center center","background-size":"auto","background-attachment":"scroll","background-type":"","background-media":"","overlay-type":"","overlay-color":"","overlay-opacity":"","overlay-gradient":""}},"ast-content-background-meta":{"desktop":{"background-color":"var(--ast-global-color-4)","background-image":"","background-repeat":"repeat","background-position":"center center","background-size":"auto","background-attachment":"scroll","background-type":"","background-media":"","overlay-type":"","overlay-color":"","overlay-opacity":"","overlay-gradient":""},"tablet":{"background-color":"var(--ast-global-color-4)","background-image":"","background-repeat":"repeat","background-position":"center center","background-size":"auto","background-attachment":"scroll","background-type":"","background-media":"","overlay-type":"","overlay-color":"","overlay-opacity":"","overlay-gradient":""},"mobile":{"background-color":"var(--ast-global-color-4)","background-image":"","background-repeat":"repeat","background-position":"center center","background-size":"auto","background-attachment":"scroll","background-type":"","background-media":"","overlay-type":"","overlay-color":"","overlay-opacity":"","overlay-gradient":""}},"_joinchat":[]},"product_brand":[],"product_cat":[36],"product_tag":[],"class_list":{"0":"post-1345","1":"product","2":"type-product","3":"status-publish","4":"has-post-thumbnail","6":"product_cat-tekno-higiene","7":"desktop-align-left","8":"tablet-align-left","9":"mobile-align-left","11":"first","12":"instock","13":"shipping-taxable","14":"product-type-simple"},"uagb_featured_image_src":{"full":["https:\/\/teknodesarrollo.com\/wp-content\/uploads\/2025\/07\/COCINA-LIMPIA.jpg",275,183,false],"thumbnail":["https:\/\/teknodesarrollo.com\/wp-content\/uploads\/2025\/07\/COCINA-LIMPIA-150x150.jpg",150,150,true],"medium":["https:\/\/teknodesarrollo.com\/wp-content\/uploads\/2025\/07\/COCINA-LIMPIA.jpg",275,183,false],"medium_large":["https:\/\/teknodesarrollo.com\/wp-content\/uploads\/2025\/07\/COCINA-LIMPIA.jpg",275,183,false],"large":["https:\/\/teknodesarrollo.com\/wp-content\/uploads\/2025\/07\/COCINA-LIMPIA.jpg",275,183,false],"1536x1536":["https:\/\/teknodesarrollo.com\/wp-content\/uploads\/2025\/07\/COCINA-LIMPIA.jpg",275,183,false],"2048x2048":["https:\/\/teknodesarrollo.com\/wp-content\/uploads\/2025\/07\/COCINA-LIMPIA.jpg",275,183,false],"mailpoet_newsletter_max":["https:\/\/teknodesarrollo.com\/wp-content\/uploads\/2025\/07\/COCINA-LIMPIA.jpg",275,183,false],"woocommerce_thumbnail":["https:\/\/teknodesarrollo.com\/wp-content\/uploads\/2025\/07\/COCINA-LIMPIA.jpg",275,183,false],"woocommerce_single":["https:\/\/teknodesarrollo.com\/wp-content\/uploads\/2025\/07\/COCINA-LIMPIA.jpg",275,183,false],"woocommerce_gallery_thumbnail":["https:\/\/teknodesarrollo.com\/wp-content\/uploads\/2025\/07\/COCINA-LIMPIA-100x100.jpg",100,100,true]},"uagb_author_info":{"display_name":"tekno","author_link":"https:\/\/teknodesarrollo.com\/?author=0"},"uagb_comment_info":1,"uagb_excerpt":"TEKNOPLOMB reblandece, disuelve y elimina f\u00e1cilmente grasa, papel, cabello, restos de comida y otros materiales que obstruyen las ca\u00f1er\u00edas y provocan mal olor sin da\u00f1ar los aparatos sanitarios y conexiones en que se aplica. TEKNOPLOMB ayuda a evitar la proliferaci\u00f3n de insectos, bacterias y hongos causantes de enfermedades. TEKNOPLOMB es ideal para utilizarse en drenajes&hellip;","jetpack_sharing_enabled":true,"_links":{"self":[{"href":"https:\/\/teknodesarrollo.com\/index.php?rest_route=\/wp\/v2\/product\/1345","targetHints":{"allow":["GET"]}}],"collection":[{"href":"https:\/\/teknodesarrollo.com\/index.php?rest_route=\/wp\/v2\/product"}],"about":[{"href":"https:\/\/teknodesarrollo.com\/index.php?rest_route=\/wp\/v2\/types\/product"}],"replies":[{"embeddable":true,"href":"https:\/\/teknodesarrollo.com\/index.php?rest_route=%2Fwp%2Fv2%2Fcomments&post=1345"}],"wp:featuredmedia":[{"embeddable":true,"href":"https:\/\/teknodesarrollo.com\/index.php?rest_route=\/wp\/v2\/media\/392"}],"wp:attachment":[{"href":"https:\/\/teknodesarrollo.com\/index.php?rest_route=%2Fwp%2Fv2%2Fmedia&parent=1345"}],"wp:term":[{"taxonomy":"product_brand","embeddable":true,"href":"https:\/\/teknodesarrollo.com\/index.php?rest_route=%2Fwp%2Fv2%2Fproduct_brand&post=1345"},{"taxonomy":"product_cat","embeddable":true,"href":"https:\/\/teknodesarrollo.com\/index.php?rest_route=%2Fwp%2Fv2%2Fproduct_cat&post=1345"},{"taxonomy":"product_tag","embeddable":true,"href":"https:\/\/teknodesarrollo.com\/index.php?rest_route=%2Fwp%2Fv2%2Fproduct_tag&post=1345"}],"curies":[{"name":"wp","href":"https:\/\/api.w.org\/{rel}","templated":true}]}}