{"id":1341,"date":"2025-08-19T22:45:11","date_gmt":"2025-08-19T22:45:11","guid":{"rendered":"https:\/\/teknodesarrollo.com\/?post_type=product&#038;p=1341"},"modified":"2025-08-19T22:45:11","modified_gmt":"2025-08-19T22:45:11","slug":"brake-limpiador-desincrustante-quitasarro","status":"publish","type":"product","link":"https:\/\/teknodesarrollo.com\/?product=brake-limpiador-desincrustante-quitasarro","title":{"rendered":"BRAKE  LIMPIADOR DESINCRUSTANTE QUITASARRO"},"content":{"rendered":"<p>Las diluciones a las que se recomienda el uso de <strong>BRAKE<\/strong> son:<\/p>\n<p>&#8211; Mantenimiento correctivo. &#8211; Diluya 1 parte de <strong>BRAKE<\/strong> en 5 partes de agua<\/p>\n<p>&#8211; Limpieza media. &#8211; Diluya 1 parte de <strong>BRAKE<\/strong> en 20 partes de agua<\/p>\n<p>&#8211; Limpieza ligera. &#8211; Diluya 1 parte de <strong>BRAKE<\/strong> en 40 partes de agua.<\/p>\n<p>&#8211; Lavado de pisos y paredes. &#8211; Diluya 1 parte de <strong>BRAKE<\/strong> en 60 partes de agua.<\/p>\n<p>Las diluciones que se recomiendan son solo una gu\u00eda, la diluci\u00f3n correcta depende de la gravedad del problema.<\/p>\n<p><strong><u>MODO DE EMPLEO:<\/u><\/strong><\/p>\n<p>De preferencia ventile el cuarto de ba\u00f1o y utilice guantes de hule.<\/p>\n<p>Jale la palanca del sanitario para drenar el agua que ah\u00ed se encuentra.<\/p>\n<p>Con el cepillo aplicador empuje el agua hacia el cespol hasta vaciar lo m\u00e1s posible.<\/p>\n<p>Aplique <strong>BRAKE <\/strong>en el cepillo o fibra verde y frote la superficie de arriba hacia abajo dej\u00e1ndolo actuar durante 5 a 10 minutos. Talle y enjuague perfectamente.<\/p>\n<p>Para le limpieza de m\u00e1quinas de hielo y serpentines solo aplique en la superficie y enjuague con agua<\/p>\n<p><strong>BRAKE<\/strong> est\u00e1 disponible en presentaciones de 20 Litros<\/p>\n<p>&nbsp;<\/p>\n<p>&nbsp;<\/p>\n","protected":false},"excerpt":{"rendered":"<p><strong>BRAKE<\/strong> es una potente f\u00f3rmula ideal para todo tipo de muebles de donde exista sarro, por ejemplo inodoros, lavabos, regaderas, m\u00e1quinas para fabricar hielo, serpentines etc.<\/p>\n<p>Su f\u00f3rmula concentrada le permite a\u00fan en altas diluciones eliminar desechos jabonosos, sarros, grasas, hongos, bacterias y cualquier tipo de suciedad adherida a la superficie.<\/p>\n<p><strong>BRAKE<\/strong> es un producto que no produce emanaciones o vapores que afecten la salud de la persona que lo aplica.<\/p>\n<p>Gracias a su poder bactericida, <strong>BRAKE<\/strong> ayuda a controlar olores desagradables en los ba\u00f1os y sistema de ca\u00f1er\u00eda.<\/p>\n","protected":false},"featured_media":1342,"comment_status":"open","ping_status":"closed","template":"","meta":{"_uag_custom_page_level_css":"","site-sidebar-layout":"default","site-content-layout":"","ast-site-content-layout":"default","site-content-style":"default","site-sidebar-style":"default","ast-global-header-display":"","ast-banner-title-visibility":"","ast-main-header-display":"","ast-hfb-above-header-display":"","ast-hfb-below-header-display":"","ast-hfb-mobile-header-display":"","site-post-title":"","ast-breadcrumbs-content":"","ast-featured-img":"","footer-sml-layout":"","theme-transparent-header-meta":"default","adv-header-id-meta":"","stick-header-meta":"","header-above-stick-meta":"","header-main-stick-meta":"","header-below-stick-meta":"","astra-migrate-meta-layouts":"set","ast-page-background-enabled":"default","ast-page-background-meta":{"desktop":{"background-color":"var(--ast-global-color-5)","background-image":"","background-repeat":"repeat","background-position":"center center","background-size":"auto","background-attachment":"scroll","background-type":"","background-media":"","overlay-type":"","overlay-color":"","overlay-opacity":"","overlay-gradient":""},"tablet":{"background-color":"","background-image":"","background-repeat":"repeat","background-position":"center center","background-size":"auto","background-attachment":"scroll","background-type":"","background-media":"","overlay-type":"","overlay-color":"","overlay-opacity":"","overlay-gradient":""},"mobile":{"background-color":"","background-image":"","background-repeat":"repeat","background-position":"center center","background-size":"auto","background-attachment":"scroll","background-type":"","background-media":"","overlay-type":"","overlay-color":"","overlay-opacity":"","overlay-gradient":""}},"ast-content-background-meta":{"desktop":{"background-color":"var(--ast-global-color-4)","background-image":"","background-repeat":"repeat","background-position":"center center","background-size":"auto","background-attachment":"scroll","background-type":"","background-media":"","overlay-type":"","overlay-color":"","overlay-opacity":"","overlay-gradient":""},"tablet":{"background-color":"var(--ast-global-color-4)","background-image":"","background-repeat":"repeat","background-position":"center center","background-size":"auto","background-attachment":"scroll","background-type":"","background-media":"","overlay-type":"","overlay-color":"","overlay-opacity":"","overlay-gradient":""},"mobile":{"background-color":"var(--ast-global-color-4)","background-image":"","background-repeat":"repeat","background-position":"center center","background-size":"auto","background-attachment":"scroll","background-type":"","background-media":"","overlay-type":"","overlay-color":"","overlay-opacity":"","overlay-gradient":""}},"_joinchat":[]},"product_brand":[],"product_cat":[36],"product_tag":[],"class_list":{"0":"post-1341","1":"product","2":"type-product","3":"status-publish","4":"has-post-thumbnail","6":"product_cat-tekno-higiene","7":"desktop-align-left","8":"tablet-align-left","9":"mobile-align-left","11":"first","12":"instock","13":"shipping-taxable","14":"product-type-simple"},"uagb_featured_image_src":{"full":["https:\/\/teknodesarrollo.com\/wp-content\/uploads\/2025\/08\/maquina-de-hielo-manitowoc.jpg",1212,1424,false],"thumbnail":["https:\/\/teknodesarrollo.com\/wp-content\/uploads\/2025\/08\/maquina-de-hielo-manitowoc-150x150.jpg",150,150,true],"medium":["https:\/\/teknodesarrollo.com\/wp-content\/uploads\/2025\/08\/maquina-de-hielo-manitowoc-255x300.jpg",255,300,true],"medium_large":["https:\/\/teknodesarrollo.com\/wp-content\/uploads\/2025\/08\/maquina-de-hielo-manitowoc-768x902.jpg",768,902,true],"large":["https:\/\/teknodesarrollo.com\/wp-content\/uploads\/2025\/08\/maquina-de-hielo-manitowoc-872x1024.jpg",872,1024,true],"1536x1536":["https:\/\/teknodesarrollo.com\/wp-content\/uploads\/2025\/08\/maquina-de-hielo-manitowoc.jpg",1212,1424,false],"2048x2048":["https:\/\/teknodesarrollo.com\/wp-content\/uploads\/2025\/08\/maquina-de-hielo-manitowoc.jpg",1212,1424,false],"mailpoet_newsletter_max":["https:\/\/teknodesarrollo.com\/wp-content\/uploads\/2025\/08\/maquina-de-hielo-manitowoc.jpg",1212,1424,false],"woocommerce_thumbnail":["https:\/\/teknodesarrollo.com\/wp-content\/uploads\/2025\/08\/maquina-de-hielo-manitowoc-300x300.jpg",300,300,true],"woocommerce_single":["https:\/\/teknodesarrollo.com\/wp-content\/uploads\/2025\/08\/maquina-de-hielo-manitowoc-600x705.jpg",600,705,true],"woocommerce_gallery_thumbnail":["https:\/\/teknodesarrollo.com\/wp-content\/uploads\/2025\/08\/maquina-de-hielo-manitowoc-100x100.jpg",100,100,true]},"uagb_author_info":{"display_name":"tekno","author_link":"https:\/\/teknodesarrollo.com\/?author=0"},"uagb_comment_info":0,"uagb_excerpt":"BRAKE es una potente f\u00f3rmula ideal para todo tipo de muebles de donde exista sarro, por ejemplo inodoros, lavabos, regaderas, m\u00e1quinas para fabricar hielo, serpentines etc. Su f\u00f3rmula concentrada le permite a\u00fan en altas diluciones eliminar desechos jabonosos, sarros, grasas, hongos, bacterias y cualquier tipo de suciedad adherida a la superficie. BRAKE es un producto&hellip;","jetpack_sharing_enabled":true,"_links":{"self":[{"href":"https:\/\/teknodesarrollo.com\/index.php?rest_route=\/wp\/v2\/product\/1341","targetHints":{"allow":["GET"]}}],"collection":[{"href":"https:\/\/teknodesarrollo.com\/index.php?rest_route=\/wp\/v2\/product"}],"about":[{"href":"https:\/\/teknodesarrollo.com\/index.php?rest_route=\/wp\/v2\/types\/product"}],"replies":[{"embeddable":true,"href":"https:\/\/teknodesarrollo.com\/index.php?rest_route=%2Fwp%2Fv2%2Fcomments&post=1341"}],"wp:featuredmedia":[{"embeddable":true,"href":"https:\/\/teknodesarrollo.com\/index.php?rest_route=\/wp\/v2\/media\/1342"}],"wp:attachment":[{"href":"https:\/\/teknodesarrollo.com\/index.php?rest_route=%2Fwp%2Fv2%2Fmedia&parent=1341"}],"wp:term":[{"taxonomy":"product_brand","embeddable":true,"href":"https:\/\/teknodesarrollo.com\/index.php?rest_route=%2Fwp%2Fv2%2Fproduct_brand&post=1341"},{"taxonomy":"product_cat","embeddable":true,"href":"https:\/\/teknodesarrollo.com\/index.php?rest_route=%2Fwp%2Fv2%2Fproduct_cat&post=1341"},{"taxonomy":"product_tag","embeddable":true,"href":"https:\/\/teknodesarrollo.com\/index.php?rest_route=%2Fwp%2Fv2%2Fproduct_tag&post=1341"}],"curies":[{"name":"wp","href":"https:\/\/api.w.org\/{rel}","templated":true}]}}