{"id":1323,"date":"2025-08-19T15:54:10","date_gmt":"2025-08-19T15:54:10","guid":{"rendered":"https:\/\/teknodesarrollo.com\/?post_type=product&#038;p=1323"},"modified":"2025-10-18T04:54:25","modified_gmt":"2025-10-18T04:54:25","slug":"citrolit-limpiador-desinfectante","status":"publish","type":"product","link":"https:\/\/teknodesarrollo.com\/?product=citrolit-limpiador-desinfectante","title":{"rendered":"CITROLIT LIMPIADOR DESINFECTANTE"},"content":{"rendered":"<p>Las \u00e1reas en las que se recomienda la aplicaci\u00f3n de CITROLIT son: pisos de \u00e1reas generales, pisos y paredes de ba\u00f1os y regaderas, inodoros, mingitorios, lavabos, ba\u00f1os de vapor, lockers, contenedores de basura, etc.<\/p>\n<p>CITROLIT elimina el uso de diferentes productos para la limpieza ya que es tres productos en uno.<\/p>\n<p>CITROLIT contiene un poderoso desinfectante de amplio espectro que elimina las bacterias de las superficies, anula los malos olores y previene los riesgos de posibles enfermedades a los usuarios.<\/p>\n<p>CITROLIT es un producto muy econ\u00f3mico en su uso ya que su alta concentraci\u00f3n le permite soportar altas diluciones sin perder su poder limpiador y desinfectante.<\/p>\n<p>Es un producto seguro ya que CITROLIT no da\u00f1a la piel ni las superficies.<\/p>\n<p>CITROLIT asegura un ambiente agradable, limpio y sano que propicia el bienestar del personal que trabaja en cualquier establecimiento as\u00ed como el de sus visitantes.<\/p>\n<p>CITROLIT es un producto que no da\u00f1a el medio ambiente ya que sus compuestos tensoactivos son BIODEGRADABLES.<\/p>\n<p>Las diluciones recomendadas para\u00a0 CITROLIT son:<\/p>\n<p>&#8211; Limpieza ligera\u00a0\u00a0\u00a0\u00a0\u00a0\u00a0\u00a0\u00a0\u00a0 \u00a0\u00a0\u00a0\u00a0: Diluya 1 parte de CITROLIT en 40 partes de agua.<\/p>\n<p>&#8211; Sanitizaci\u00f3n\u00a0\u00a0\u00a0\u00a0\u00a0\u00a0\u00a0\u00a0 \u00a0\u00a0\u00a0\u00a0\u00a0\u00a0\u00a0\u00a0\u00a0\u00a0: Diluya 1 parte de CITROLIT en 20 partes de agua.<\/p>\n<p>&#8211; Desinfecci\u00f3n\u00a0\u00a0\u00a0\u00a0\u00a0\u00a0\u00a0\u00a0 \u00a0\u00a0\u00a0\u00a0\u00a0\u00a0\u00a0\u00a0\u00a0: Diluya 1 parte de CITROLIT en 10 partes de agua.<\/p>\n<p>&#8211; Trapeado de pisos\u00a0\u00a0 \u00a0\u00a0\u00a0\u00a0\u00a0\u00a0: Diluya 1 parte de CITROLIT en 100 partes de agua<\/p>\n<p>Las diluciones recomendadas son solo una gu\u00eda, la diluci\u00f3n correcta depender\u00e1 de la gravedad de cada problema.<\/p>\n<p>La presentaci\u00f3n de CITROLIT de 20 Litros<\/p>\n","protected":false},"excerpt":{"rendered":"<p>CITROLIT es un limpiador desinfectante con aroma a lim\u00f3n formulado con una potente mezcla en base a cuaternarios de amonio y poderosos detergentes que limpia, desinfecta y aromatiza al mismo tiempo.<\/p>\n<p>Es excelente para eliminar manchas de suciedad en cualquier superficie en que se pueda utilizar agua para la limpieza y que adem\u00e1s se requiera desinfectar el \u00e1rea, elimina los malos olores y deja un agradable aroma en el ambiente.<\/p>\n<p>El uso de CITROLIT se recomienda en hoteles, cl\u00ednicas y hospitales, cl\u00ednicas veterinarias, autobuses de pasajeros, transporte de personal, transporte urbano, escuelas y universidades, restaurantes, bares, oficinas, velatorios, iglesias, clubes deportivos, gimnasios, cines y teatros, gasolineras, comercios y tiendas de autoservicio y todos aquellos establecimientos en que exista un gran tr\u00e1fico de personas o animales.<\/p>\n","protected":false},"featured_media":1325,"comment_status":"open","ping_status":"closed","template":"","meta":{"_uag_custom_page_level_css":"","site-sidebar-layout":"default","site-content-layout":"","ast-site-content-layout":"default","site-content-style":"default","site-sidebar-style":"default","ast-global-header-display":"","ast-banner-title-visibility":"","ast-main-header-display":"","ast-hfb-above-header-display":"","ast-hfb-below-header-display":"","ast-hfb-mobile-header-display":"","site-post-title":"","ast-breadcrumbs-content":"","ast-featured-img":"","footer-sml-layout":"","theme-transparent-header-meta":"default","adv-header-id-meta":"","stick-header-meta":"","header-above-stick-meta":"","header-main-stick-meta":"","header-below-stick-meta":"","astra-migrate-meta-layouts":"set","ast-page-background-enabled":"default","ast-page-background-meta":{"desktop":{"background-color":"var(--ast-global-color-5)","background-image":"","background-repeat":"repeat","background-position":"center center","background-size":"auto","background-attachment":"scroll","background-type":"","background-media":"","overlay-type":"","overlay-color":"","overlay-opacity":"","overlay-gradient":""},"tablet":{"background-color":"","background-image":"","background-repeat":"repeat","background-position":"center center","background-size":"auto","background-attachment":"scroll","background-type":"","background-media":"","overlay-type":"","overlay-color":"","overlay-opacity":"","overlay-gradient":""},"mobile":{"background-color":"","background-image":"","background-repeat":"repeat","background-position":"center center","background-size":"auto","background-attachment":"scroll","background-type":"","background-media":"","overlay-type":"","overlay-color":"","overlay-opacity":"","overlay-gradient":""}},"ast-content-background-meta":{"desktop":{"background-color":"var(--ast-global-color-4)","background-image":"","background-repeat":"repeat","background-position":"center center","background-size":"auto","background-attachment":"scroll","background-type":"","background-media":"","overlay-type":"","overlay-color":"","overlay-opacity":"","overlay-gradient":""},"tablet":{"background-color":"var(--ast-global-color-4)","background-image":"","background-repeat":"repeat","background-position":"center center","background-size":"auto","background-attachment":"scroll","background-type":"","background-media":"","overlay-type":"","overlay-color":"","overlay-opacity":"","overlay-gradient":""},"mobile":{"background-color":"var(--ast-global-color-4)","background-image":"","background-repeat":"repeat","background-position":"center center","background-size":"auto","background-attachment":"scroll","background-type":"","background-media":"","overlay-type":"","overlay-color":"","overlay-opacity":"","overlay-gradient":""}},"_joinchat":[]},"product_brand":[],"product_cat":[36],"product_tag":[],"class_list":{"0":"post-1323","1":"product","2":"type-product","3":"status-publish","4":"has-post-thumbnail","6":"product_cat-tekno-higiene","7":"desktop-align-left","8":"tablet-align-left","9":"mobile-align-left","11":"first","12":"instock","13":"shipping-taxable","14":"product-type-simple"},"uagb_featured_image_src":{"full":["https:\/\/teknodesarrollo.com\/wp-content\/uploads\/2025\/08\/BANO.jpg",612,408,false],"thumbnail":["https:\/\/teknodesarrollo.com\/wp-content\/uploads\/2025\/08\/BANO-150x150.jpg",150,150,true],"medium":["https:\/\/teknodesarrollo.com\/wp-content\/uploads\/2025\/08\/BANO-300x200.jpg",300,200,true],"medium_large":["https:\/\/teknodesarrollo.com\/wp-content\/uploads\/2025\/08\/BANO.jpg",612,408,false],"large":["https:\/\/teknodesarrollo.com\/wp-content\/uploads\/2025\/08\/BANO.jpg",612,408,false],"1536x1536":["https:\/\/teknodesarrollo.com\/wp-content\/uploads\/2025\/08\/BANO.jpg",612,408,false],"2048x2048":["https:\/\/teknodesarrollo.com\/wp-content\/uploads\/2025\/08\/BANO.jpg",612,408,false],"mailpoet_newsletter_max":["https:\/\/teknodesarrollo.com\/wp-content\/uploads\/2025\/08\/BANO.jpg",612,408,false],"woocommerce_thumbnail":["https:\/\/teknodesarrollo.com\/wp-content\/uploads\/2025\/08\/BANO-300x300.jpg",300,300,true],"woocommerce_single":["https:\/\/teknodesarrollo.com\/wp-content\/uploads\/2025\/08\/BANO-600x400.jpg",600,400,true],"woocommerce_gallery_thumbnail":["https:\/\/teknodesarrollo.com\/wp-content\/uploads\/2025\/08\/BANO-100x100.jpg",100,100,true]},"uagb_author_info":{"display_name":"tekno","author_link":"https:\/\/teknodesarrollo.com\/?author=0"},"uagb_comment_info":4,"uagb_excerpt":"CITROLIT es un limpiador desinfectante con aroma a lim\u00f3n formulado con una potente mezcla en base a cuaternarios de amonio y poderosos detergentes que limpia, desinfecta y aromatiza al mismo tiempo. Es excelente para eliminar manchas de suciedad en cualquier superficie en que se pueda utilizar agua para la limpieza y que adem\u00e1s se requiera&hellip;","jetpack_sharing_enabled":true,"_links":{"self":[{"href":"https:\/\/teknodesarrollo.com\/index.php?rest_route=\/wp\/v2\/product\/1323","targetHints":{"allow":["GET"]}}],"collection":[{"href":"https:\/\/teknodesarrollo.com\/index.php?rest_route=\/wp\/v2\/product"}],"about":[{"href":"https:\/\/teknodesarrollo.com\/index.php?rest_route=\/wp\/v2\/types\/product"}],"replies":[{"embeddable":true,"href":"https:\/\/teknodesarrollo.com\/index.php?rest_route=%2Fwp%2Fv2%2Fcomments&post=1323"}],"wp:featuredmedia":[{"embeddable":true,"href":"https:\/\/teknodesarrollo.com\/index.php?rest_route=\/wp\/v2\/media\/1325"}],"wp:attachment":[{"href":"https:\/\/teknodesarrollo.com\/index.php?rest_route=%2Fwp%2Fv2%2Fmedia&parent=1323"}],"wp:term":[{"taxonomy":"product_brand","embeddable":true,"href":"https:\/\/teknodesarrollo.com\/index.php?rest_route=%2Fwp%2Fv2%2Fproduct_brand&post=1323"},{"taxonomy":"product_cat","embeddable":true,"href":"https:\/\/teknodesarrollo.com\/index.php?rest_route=%2Fwp%2Fv2%2Fproduct_cat&post=1323"},{"taxonomy":"product_tag","embeddable":true,"href":"https:\/\/teknodesarrollo.com\/index.php?rest_route=%2Fwp%2Fv2%2Fproduct_tag&post=1323"}],"curies":[{"name":"wp","href":"https:\/\/api.w.org\/{rel}","templated":true}]}}