{"id":1285,"date":"2025-08-17T18:12:28","date_gmt":"2025-08-17T18:12:28","guid":{"rendered":"https:\/\/teknodesarrollo.com\/?post_type=product&#038;p=1285"},"modified":"2025-08-30T18:08:39","modified_gmt":"2025-08-30T18:08:39","slug":"bote-de-basura-balancin-grande","status":"publish","type":"product","link":"https:\/\/teknodesarrollo.com\/?product=bote-de-basura-balancin-grande","title":{"rendered":"BE-71700 BOTE DE BASURA BALANC\u00cdN GRANDE"},"content":{"rendered":"<p><strong>Componentes y Materiales:<\/strong><\/p>\n<ul>\n<li>Fabricado en l\u00e1mina galvanizada Cal. 20<\/li>\n<li>Asa y contorno superior de caba\u00f1a con protecci\u00f3n pl\u00e1stica.<\/li>\n<li>Pintura en polvo epoxica horneada que brinda m\u00e1xima durabilidad.<\/li>\n<\/ul>\n<p>&nbsp;<\/p>\n<p><strong>Caracter\u00edsticas T\u00e9cnicas<\/strong><\/p>\n<p><strong style=\"font-style: inherit;\">Dimensiones en Mil\u00edmetros:<\/strong>\u00a0<strong style=\"font-style: inherit;\">Alto:<\/strong>\u00a01,095\u00a0<strong style=\"font-style: inherit;\">Ancho:<\/strong>\u00a0510\u00a0<strong style=\"font-style: inherit;\">Fondo:<\/strong>\u00a0410<\/p>\n<p><strong style=\"font-style: inherit;\">Dimensiones en Pulgadas:<\/strong>\u00a0<strong style=\"font-style: inherit;\">Alto:<\/strong>\u00a043.11\u2033\u201d\u00a0<strong style=\"font-style: inherit;\">Alto:<\/strong>\u00a020.08\u2033\u201d\u00a0<strong style=\"font-style: inherit;\">Fondo:<\/strong>\u00a016.14\u2033<\/p>\n<p><strong style=\"font-style: inherit;\">Capacidad:<\/strong><span style=\"font-style: inherit; font-weight: inherit;\">\u00a0170 litros \/ 44.9 galones<\/span><\/p>\n<p><strong style=\"font-style: inherit;\">Peso:<\/strong><span style=\"font-style: inherit; font-weight: inherit;\">\u00a017,800 gr. \/ 39.24 lb<\/span><\/p>\n<p><strong style=\"font-style: inherit;\">Contenido por caja:<\/strong>\u00a01<\/p>\n<p><strong style=\"font-style: inherit;\">Acabado:<\/strong>\u00a0Liso<\/p>\n","protected":false},"excerpt":{"rendered":"<p>BE71700<\/p>\n<p><strong>BOTE DE BASURA BALANC\u00cdN GRANDE<\/strong><\/p>\n<p>Basurero con tapa balanc\u00edn, de ah\u00ed el nombre. Orificios a los costados de la tapa para desmontarla. Protecciones laterales en negro.<\/p>\n<p>* M\u00faltiples usos: Interior, exterior, grandes superficies, industria, oficinas, talleres, etc.<\/p>\n<p>* Base rectangular y cabezal piramidal.<\/p>\n<p>* Se fabrica en 6 diferentes colores: BE71700:Blanco \/ BE7170Z:Azul \/ BE7170V:Verde \/ BE7170R:Rojo \/ BE7170A: Amarillo \/ BE7170N:Negro<\/p>\n","protected":false},"featured_media":1286,"comment_status":"open","ping_status":"closed","template":"","meta":{"_uag_custom_page_level_css":"","site-sidebar-layout":"default","site-content-layout":"","ast-site-content-layout":"default","site-content-style":"default","site-sidebar-style":"default","ast-global-header-display":"","ast-banner-title-visibility":"","ast-main-header-display":"","ast-hfb-above-header-display":"","ast-hfb-below-header-display":"","ast-hfb-mobile-header-display":"","site-post-title":"","ast-breadcrumbs-content":"","ast-featured-img":"","footer-sml-layout":"","theme-transparent-header-meta":"default","adv-header-id-meta":"","stick-header-meta":"","header-above-stick-meta":"","header-main-stick-meta":"","header-below-stick-meta":"","astra-migrate-meta-layouts":"set","ast-page-background-enabled":"default","ast-page-background-meta":{"desktop":{"background-color":"var(--ast-global-color-5)","background-image":"","background-repeat":"repeat","background-position":"center center","background-size":"auto","background-attachment":"scroll","background-type":"","background-media":"","overlay-type":"","overlay-color":"","overlay-opacity":"","overlay-gradient":""},"tablet":{"background-color":"","background-image":"","background-repeat":"repeat","background-position":"center center","background-size":"auto","background-attachment":"scroll","background-type":"","background-media":"","overlay-type":"","overlay-color":"","overlay-opacity":"","overlay-gradient":""},"mobile":{"background-color":"","background-image":"","background-repeat":"repeat","background-position":"center center","background-size":"auto","background-attachment":"scroll","background-type":"","background-media":"","overlay-type":"","overlay-color":"","overlay-opacity":"","overlay-gradient":""}},"ast-content-background-meta":{"desktop":{"background-color":"var(--ast-global-color-4)","background-image":"","background-repeat":"repeat","background-position":"center center","background-size":"auto","background-attachment":"scroll","background-type":"","background-media":"","overlay-type":"","overlay-color":"","overlay-opacity":"","overlay-gradient":""},"tablet":{"background-color":"var(--ast-global-color-4)","background-image":"","background-repeat":"repeat","background-position":"center center","background-size":"auto","background-attachment":"scroll","background-type":"","background-media":"","overlay-type":"","overlay-color":"","overlay-opacity":"","overlay-gradient":""},"mobile":{"background-color":"var(--ast-global-color-4)","background-image":"","background-repeat":"repeat","background-position":"center center","background-size":"auto","background-attachment":"scroll","background-type":"","background-media":"","overlay-type":"","overlay-color":"","overlay-opacity":"","overlay-gradient":""}},"_joinchat":[]},"product_brand":[],"product_cat":[51],"product_tag":[],"class_list":{"0":"post-1285","1":"product","2":"type-product","3":"status-publish","4":"has-post-thumbnail","6":"product_cat-contenedores-para-exterior","7":"desktop-align-left","8":"tablet-align-left","9":"mobile-align-left","11":"first","12":"instock","13":"shipping-taxable","14":"product-type-simple"},"uagb_featured_image_src":{"full":["https:\/\/teknodesarrollo.com\/wp-content\/uploads\/2025\/08\/BE71700-500x500-1.jpg",500,500,false],"thumbnail":["https:\/\/teknodesarrollo.com\/wp-content\/uploads\/2025\/08\/BE71700-500x500-1-150x150.jpg",150,150,true],"medium":["https:\/\/teknodesarrollo.com\/wp-content\/uploads\/2025\/08\/BE71700-500x500-1-300x300.jpg",300,300,true],"medium_large":["https:\/\/teknodesarrollo.com\/wp-content\/uploads\/2025\/08\/BE71700-500x500-1.jpg",500,500,false],"large":["https:\/\/teknodesarrollo.com\/wp-content\/uploads\/2025\/08\/BE71700-500x500-1.jpg",500,500,false],"1536x1536":["https:\/\/teknodesarrollo.com\/wp-content\/uploads\/2025\/08\/BE71700-500x500-1.jpg",500,500,false],"2048x2048":["https:\/\/teknodesarrollo.com\/wp-content\/uploads\/2025\/08\/BE71700-500x500-1.jpg",500,500,false],"mailpoet_newsletter_max":["https:\/\/teknodesarrollo.com\/wp-content\/uploads\/2025\/08\/BE71700-500x500-1.jpg",500,500,false],"woocommerce_thumbnail":["https:\/\/teknodesarrollo.com\/wp-content\/uploads\/2025\/08\/BE71700-500x500-1-300x300.jpg",300,300,true],"woocommerce_single":["https:\/\/teknodesarrollo.com\/wp-content\/uploads\/2025\/08\/BE71700-500x500-1.jpg",500,500,false],"woocommerce_gallery_thumbnail":["https:\/\/teknodesarrollo.com\/wp-content\/uploads\/2025\/08\/BE71700-500x500-1-100x100.jpg",100,100,true]},"uagb_author_info":{"display_name":"tekno","author_link":"https:\/\/teknodesarrollo.com\/?author=0"},"uagb_comment_info":0,"uagb_excerpt":"BE71700 BOTE DE BASURA BALANC\u00cdN GRANDE Basurero con tapa balanc\u00edn, de ah\u00ed el nombre. Orificios a los costados de la tapa para desmontarla. Protecciones laterales en negro. * M\u00faltiples usos: Interior, exterior, grandes superficies, industria, oficinas, talleres, etc. * Base rectangular y cabezal piramidal. * Se fabrica en 6 diferentes colores: BE71700:Blanco \/ BE7170Z:Azul \/&hellip;","jetpack_sharing_enabled":true,"_links":{"self":[{"href":"https:\/\/teknodesarrollo.com\/index.php?rest_route=\/wp\/v2\/product\/1285","targetHints":{"allow":["GET"]}}],"collection":[{"href":"https:\/\/teknodesarrollo.com\/index.php?rest_route=\/wp\/v2\/product"}],"about":[{"href":"https:\/\/teknodesarrollo.com\/index.php?rest_route=\/wp\/v2\/types\/product"}],"replies":[{"embeddable":true,"href":"https:\/\/teknodesarrollo.com\/index.php?rest_route=%2Fwp%2Fv2%2Fcomments&post=1285"}],"wp:featuredmedia":[{"embeddable":true,"href":"https:\/\/teknodesarrollo.com\/index.php?rest_route=\/wp\/v2\/media\/1286"}],"wp:attachment":[{"href":"https:\/\/teknodesarrollo.com\/index.php?rest_route=%2Fwp%2Fv2%2Fmedia&parent=1285"}],"wp:term":[{"taxonomy":"product_brand","embeddable":true,"href":"https:\/\/teknodesarrollo.com\/index.php?rest_route=%2Fwp%2Fv2%2Fproduct_brand&post=1285"},{"taxonomy":"product_cat","embeddable":true,"href":"https:\/\/teknodesarrollo.com\/index.php?rest_route=%2Fwp%2Fv2%2Fproduct_cat&post=1285"},{"taxonomy":"product_tag","embeddable":true,"href":"https:\/\/teknodesarrollo.com\/index.php?rest_route=%2Fwp%2Fv2%2Fproduct_tag&post=1285"}],"curies":[{"name":"wp","href":"https:\/\/api.w.org\/{rel}","templated":true}]}}