{"id":1227,"date":"2025-08-13T14:19:55","date_gmt":"2025-08-13T14:19:55","guid":{"rendered":"https:\/\/teknodesarrollo.com\/?post_type=product&#038;p=1227"},"modified":"2025-11-26T02:52:42","modified_gmt":"2025-11-26T02:52:42","slug":"bote-de-basura-rectangular-inoxidable","status":"publish","type":"product","link":"https:\/\/teknodesarrollo.com\/?product=bote-de-basura-rectangular-inoxidable","title":{"rendered":"BI-70490  BOTE DE BASURA RECTANGULAR INOXIDABLE"},"content":{"rendered":"<p><strong>Componentes y Materiales:<\/strong><\/p>\n<ul>\n<li>Fabricado en l\u00e1mina Inoxidable cal. 22<\/li>\n<li>\u00a0Tapa fabricada en l\u00e1mina galvanizada cal.20 con pintura en polvo epoxica.<\/li>\n<li>\u00a0Soportes met\u00e1licos en el interior<\/li>\n<\/ul>\n<p>&nbsp;<\/p>\n<p><strong>Caracter\u00edsticas T\u00e9cnicas<\/strong><\/p>\n<p><strong style=\"font-style: inherit;\">Dimensiones en Mil\u00edmetros:<\/strong>\u00a0<strong style=\"font-style: inherit;\">Alto:<\/strong>\u00a0700\u00a0<strong style=\"font-style: inherit;\">Ancho:<\/strong>\u00a0236\u00a0<strong style=\"font-style: inherit;\">Fondo:\u00a0<\/strong>236<\/p>\n<p><strong style=\"font-style: inherit;\">Dimensiones en Pulgadas:<\/strong>\u00a0<strong style=\"font-style: inherit;\">Alto:<\/strong>\u00a027.56\u2033\u00a0<strong style=\"font-style: inherit;\">Ancho:<\/strong>\u00a09.29\u2033\u00a0<strong style=\"font-style: inherit;\">Fondo:<\/strong>\u00a09.29\u2033<\/p>\n<p><strong style=\"font-style: inherit;\">Capacidad:<\/strong><span style=\"font-style: inherit; font-weight: inherit;\">\u00a031.2 litros \/ 8.24 galones<\/span><\/p>\n<p><strong style=\"font-style: inherit;\">Peso:<\/strong><span style=\"font-style: inherit; font-weight: inherit;\">\u00a06,200 gr. \/ 12.79 lb<\/span><\/p>\n<p><strong style=\"font-style: inherit;\">Contenido por caja:<\/strong>\u00a01<\/p>\n<p><strong style=\"font-style: inherit;\">Acabado:<\/strong>\u00a0Liso<\/p>\n","protected":false},"excerpt":{"rendered":"<p>BI70490<\/p>\n<p><strong>BOTE DE BASURA RECTANGULAR INOXIDABLE<\/strong><\/p>\n<p>Basurero con tapa desmontable para limpieza y vaciado, de f\u00e1cil manejo y resistente a la corrosi\u00f3n.<\/p>\n<p>Color inoxidable con tapa amarilla su dise\u00f1o en forma rectil\u00ednea lo hace un producto elegante perfecto para todo tipo de ambientes como plazas comerciales, restaurantes, oficinas, hoteles.<\/p>\n","protected":false},"featured_media":1228,"comment_status":"open","ping_status":"closed","template":"","meta":{"_uag_custom_page_level_css":"","site-sidebar-layout":"default","site-content-layout":"","ast-site-content-layout":"default","site-content-style":"default","site-sidebar-style":"default","ast-global-header-display":"","ast-banner-title-visibility":"","ast-main-header-display":"","ast-hfb-above-header-display":"","ast-hfb-below-header-display":"","ast-hfb-mobile-header-display":"","site-post-title":"","ast-breadcrumbs-content":"","ast-featured-img":"","footer-sml-layout":"","theme-transparent-header-meta":"default","adv-header-id-meta":"","stick-header-meta":"","header-above-stick-meta":"","header-main-stick-meta":"","header-below-stick-meta":"","astra-migrate-meta-layouts":"set","ast-page-background-enabled":"default","ast-page-background-meta":{"desktop":{"background-color":"var(--ast-global-color-5)","background-image":"","background-repeat":"repeat","background-position":"center center","background-size":"auto","background-attachment":"scroll","background-type":"","background-media":"","overlay-type":"","overlay-color":"","overlay-opacity":"","overlay-gradient":""},"tablet":{"background-color":"","background-image":"","background-repeat":"repeat","background-position":"center center","background-size":"auto","background-attachment":"scroll","background-type":"","background-media":"","overlay-type":"","overlay-color":"","overlay-opacity":"","overlay-gradient":""},"mobile":{"background-color":"","background-image":"","background-repeat":"repeat","background-position":"center center","background-size":"auto","background-attachment":"scroll","background-type":"","background-media":"","overlay-type":"","overlay-color":"","overlay-opacity":"","overlay-gradient":""}},"ast-content-background-meta":{"desktop":{"background-color":"var(--ast-global-color-4)","background-image":"","background-repeat":"repeat","background-position":"center center","background-size":"auto","background-attachment":"scroll","background-type":"","background-media":"","overlay-type":"","overlay-color":"","overlay-opacity":"","overlay-gradient":""},"tablet":{"background-color":"var(--ast-global-color-4)","background-image":"","background-repeat":"repeat","background-position":"center center","background-size":"auto","background-attachment":"scroll","background-type":"","background-media":"","overlay-type":"","overlay-color":"","overlay-opacity":"","overlay-gradient":""},"mobile":{"background-color":"var(--ast-global-color-4)","background-image":"","background-repeat":"repeat","background-position":"center center","background-size":"auto","background-attachment":"scroll","background-type":"","background-media":"","overlay-type":"","overlay-color":"","overlay-opacity":"","overlay-gradient":""}},"_joinchat":[]},"product_brand":[],"product_cat":[50],"product_tag":[],"class_list":{"0":"post-1227","1":"product","2":"type-product","3":"status-publish","4":"has-post-thumbnail","6":"product_cat-contenedores-para-interiores","7":"desktop-align-left","8":"tablet-align-left","9":"mobile-align-left","11":"first","12":"instock","13":"shipping-taxable","14":"product-type-simple"},"uagb_featured_image_src":{"full":["https:\/\/teknodesarrollo.com\/wp-content\/uploads\/2025\/08\/BI70490-500x500-1.jpg",500,500,false],"thumbnail":["https:\/\/teknodesarrollo.com\/wp-content\/uploads\/2025\/08\/BI70490-500x500-1-150x150.jpg",150,150,true],"medium":["https:\/\/teknodesarrollo.com\/wp-content\/uploads\/2025\/08\/BI70490-500x500-1-300x300.jpg",300,300,true],"medium_large":["https:\/\/teknodesarrollo.com\/wp-content\/uploads\/2025\/08\/BI70490-500x500-1.jpg",500,500,false],"large":["https:\/\/teknodesarrollo.com\/wp-content\/uploads\/2025\/08\/BI70490-500x500-1.jpg",500,500,false],"1536x1536":["https:\/\/teknodesarrollo.com\/wp-content\/uploads\/2025\/08\/BI70490-500x500-1.jpg",500,500,false],"2048x2048":["https:\/\/teknodesarrollo.com\/wp-content\/uploads\/2025\/08\/BI70490-500x500-1.jpg",500,500,false],"mailpoet_newsletter_max":["https:\/\/teknodesarrollo.com\/wp-content\/uploads\/2025\/08\/BI70490-500x500-1.jpg",500,500,false],"woocommerce_thumbnail":["https:\/\/teknodesarrollo.com\/wp-content\/uploads\/2025\/08\/BI70490-500x500-1-300x300.jpg",300,300,true],"woocommerce_single":["https:\/\/teknodesarrollo.com\/wp-content\/uploads\/2025\/08\/BI70490-500x500-1.jpg",500,500,false],"woocommerce_gallery_thumbnail":["https:\/\/teknodesarrollo.com\/wp-content\/uploads\/2025\/08\/BI70490-500x500-1-100x100.jpg",100,100,true]},"uagb_author_info":{"display_name":"tekno","author_link":"https:\/\/teknodesarrollo.com\/?author=0"},"uagb_comment_info":3,"uagb_excerpt":"BI70490 BOTE DE BASURA RECTANGULAR INOXIDABLE Basurero con tapa desmontable para limpieza y vaciado, de f\u00e1cil manejo y resistente a la corrosi\u00f3n. Color inoxidable con tapa amarilla su dise\u00f1o en forma rectil\u00ednea lo hace un producto elegante perfecto para todo tipo de ambientes como plazas comerciales, restaurantes, oficinas, hoteles.","jetpack_sharing_enabled":true,"_links":{"self":[{"href":"https:\/\/teknodesarrollo.com\/index.php?rest_route=\/wp\/v2\/product\/1227","targetHints":{"allow":["GET"]}}],"collection":[{"href":"https:\/\/teknodesarrollo.com\/index.php?rest_route=\/wp\/v2\/product"}],"about":[{"href":"https:\/\/teknodesarrollo.com\/index.php?rest_route=\/wp\/v2\/types\/product"}],"replies":[{"embeddable":true,"href":"https:\/\/teknodesarrollo.com\/index.php?rest_route=%2Fwp%2Fv2%2Fcomments&post=1227"}],"wp:featuredmedia":[{"embeddable":true,"href":"https:\/\/teknodesarrollo.com\/index.php?rest_route=\/wp\/v2\/media\/1228"}],"wp:attachment":[{"href":"https:\/\/teknodesarrollo.com\/index.php?rest_route=%2Fwp%2Fv2%2Fmedia&parent=1227"}],"wp:term":[{"taxonomy":"product_brand","embeddable":true,"href":"https:\/\/teknodesarrollo.com\/index.php?rest_route=%2Fwp%2Fv2%2Fproduct_brand&post=1227"},{"taxonomy":"product_cat","embeddable":true,"href":"https:\/\/teknodesarrollo.com\/index.php?rest_route=%2Fwp%2Fv2%2Fproduct_cat&post=1227"},{"taxonomy":"product_tag","embeddable":true,"href":"https:\/\/teknodesarrollo.com\/index.php?rest_route=%2Fwp%2Fv2%2Fproduct_tag&post=1227"}],"curies":[{"name":"wp","href":"https:\/\/api.w.org\/{rel}","templated":true}]}}