{"id":1134,"date":"2025-08-09T07:26:41","date_gmt":"2025-08-09T07:26:41","guid":{"rendered":"https:\/\/teknodesarrollo.com\/?post_type=product&#038;p=1134"},"modified":"2025-10-31T11:12:47","modified_gmt":"2025-10-31T11:12:47","slug":"secamanos-jet-tifon-filtro-hepa-evaporacion-automatica-plata","status":"publish","type":"product","link":"https:\/\/teknodesarrollo.com\/?product=secamanos-jet-tifon-filtro-hepa-evaporacion-automatica-plata","title":{"rendered":"SECAMANOS JET TIF\u00d3N FILTRO HEPA EVAPORACI\u00d3N AUTOM\u00c1TICA PLATA"},"content":{"rendered":"<p><strong>Componentes y Materiales:<\/strong><\/p>\n<ul>\n<li>Componentes Internos fabricados en ABS antibacteriano+PC+PBT V0<\/li>\n<li>Circuito y motor conectados con cables aislados.<\/li>\n<li>Cuenta con una resistencia para la evaporaci\u00f3n autom\u00e1tica del agua recogida.<\/li>\n<li>Filtro hepa R14 de gran tama\u00f1o y larga duraci\u00f3n mas ambientador marino<\/li>\n<li>Cuenta con un display luminoso con alarmas para aviso de incidencia.<\/li>\n<li>Cuenta con un temporizador de seguridad con desconexi\u00f3n autom\u00e1tica.<\/li>\n<li>Si la temp. Ambiente es &gt;25\u00b0 C: Desconexi\u00f3n autom\u00e1tica de la resistencia (calor).<\/li>\n<li>Cuenta con una resistencia que permite calentar el aire a 40\u00b0C aproximadamente.<\/li>\n<\/ul>\n<p>&nbsp;<\/p>\n<p><strong>Caracter\u00edsticas T\u00e9cnicas<\/strong><\/p>\n<p><strong style=\"font-style: inherit;\">Dimensiones en Mil\u00edmetros:<\/strong>\u00a0<strong style=\"font-style: inherit;\">Alto:<\/strong>\u00a0540\u00a0<strong style=\"font-style: inherit;\">Ancho:<\/strong>\u00a0320\u00a0<strong style=\"font-style: inherit;\">Fondo:<\/strong>\u00a0180<\/p>\n<p><strong style=\"font-style: inherit;\">Dimensiones en Pulgadas:<\/strong>\u00a0<strong style=\"font-style: inherit;\">Alto:<\/strong>\u00a021.26\u2033\u00a0<strong style=\"font-style: inherit;\">Alto:<\/strong>\u00a012.60\u2033\u00a0<strong style=\"font-style: inherit;\">Fondo:<\/strong>\u00a07.09\u2033<\/p>\n<p><strong style=\"font-style: inherit;\">Tensi\u00f3n:\u00a0<\/strong>125V 60Hz<\/p>\n<p><strong style=\"font-style: inherit;\">Potencia Total:<\/strong><span style=\"font-style: inherit; font-weight: inherit;\">\u00a01550 W<\/span><\/p>\n<p><strong style=\"font-style: inherit;\">Peso:<\/strong>\u00a06,650 gr. \/ 14.66 lb<\/p>\n<p><strong style=\"font-style: inherit;\">Contenido por caja:<\/strong>\u00a01<\/p>\n<p><strong style=\"font-style: inherit;\">Color:<\/strong>\u00a0Plata<\/p>\n","protected":false},"excerpt":{"rendered":"<p>AA25526<\/p>\n<p><strong>SECAMANOS JET TIF\u00d3N FILTRO HEPA EVAPORACI\u00d3N AUTOM\u00c1TICA PLATA<\/strong><\/p>\n<p>Fabricado en ABS antibacteriano. Filtro Hepa de gran tama\u00f1o y larga duraci\u00f3n, m\u00e1s ambientador marino. Se acciona introduciendo las manos verticalmente en la parte superior para que \u00e9stas sean detectadas por los sensores y se genere una descarga de aire hasta retirar las manos.<\/p>\n<p>Cuenta con un display luminoso con alarmas, para aviso de incidencias y temporizador de seguridad con desconexi\u00f3n autom\u00e1tica para el ahorro de energ\u00eda. Potencia 1,550 watts.<\/p>\n","protected":false},"featured_media":1135,"comment_status":"open","ping_status":"closed","template":"","meta":{"_uag_custom_page_level_css":"","site-sidebar-layout":"default","site-content-layout":"","ast-site-content-layout":"default","site-content-style":"default","site-sidebar-style":"default","ast-global-header-display":"","ast-banner-title-visibility":"","ast-main-header-display":"","ast-hfb-above-header-display":"","ast-hfb-below-header-display":"","ast-hfb-mobile-header-display":"","site-post-title":"","ast-breadcrumbs-content":"","ast-featured-img":"","footer-sml-layout":"","theme-transparent-header-meta":"default","adv-header-id-meta":"","stick-header-meta":"","header-above-stick-meta":"","header-main-stick-meta":"","header-below-stick-meta":"","astra-migrate-meta-layouts":"set","ast-page-background-enabled":"default","ast-page-background-meta":{"desktop":{"background-color":"var(--ast-global-color-5)","background-image":"","background-repeat":"repeat","background-position":"center center","background-size":"auto","background-attachment":"scroll","background-type":"","background-media":"","overlay-type":"","overlay-color":"","overlay-opacity":"","overlay-gradient":""},"tablet":{"background-color":"","background-image":"","background-repeat":"repeat","background-position":"center center","background-size":"auto","background-attachment":"scroll","background-type":"","background-media":"","overlay-type":"","overlay-color":"","overlay-opacity":"","overlay-gradient":""},"mobile":{"background-color":"","background-image":"","background-repeat":"repeat","background-position":"center center","background-size":"auto","background-attachment":"scroll","background-type":"","background-media":"","overlay-type":"","overlay-color":"","overlay-opacity":"","overlay-gradient":""}},"ast-content-background-meta":{"desktop":{"background-color":"var(--ast-global-color-4)","background-image":"","background-repeat":"repeat","background-position":"center center","background-size":"auto","background-attachment":"scroll","background-type":"","background-media":"","overlay-type":"","overlay-color":"","overlay-opacity":"","overlay-gradient":""},"tablet":{"background-color":"var(--ast-global-color-4)","background-image":"","background-repeat":"repeat","background-position":"center center","background-size":"auto","background-attachment":"scroll","background-type":"","background-media":"","overlay-type":"","overlay-color":"","overlay-opacity":"","overlay-gradient":""},"mobile":{"background-color":"var(--ast-global-color-4)","background-image":"","background-repeat":"repeat","background-position":"center center","background-size":"auto","background-attachment":"scroll","background-type":"","background-media":"","overlay-type":"","overlay-color":"","overlay-opacity":"","overlay-gradient":""}},"_joinchat":[]},"product_brand":[],"product_cat":[48],"product_tag":[],"class_list":{"0":"post-1134","1":"product","2":"type-product","3":"status-publish","4":"has-post-thumbnail","6":"product_cat-secadores-de-manos-alto-rendimiento","7":"desktop-align-left","8":"tablet-align-left","9":"mobile-align-left","11":"first","12":"instock","13":"featured","14":"shipping-taxable","15":"product-type-simple"},"uagb_featured_image_src":{"full":["https:\/\/teknodesarrollo.com\/wp-content\/uploads\/2025\/08\/AA25526.jpg",1000,1000,false],"thumbnail":["https:\/\/teknodesarrollo.com\/wp-content\/uploads\/2025\/08\/AA25526-150x150.jpg",150,150,true],"medium":["https:\/\/teknodesarrollo.com\/wp-content\/uploads\/2025\/08\/AA25526-300x300.jpg",300,300,true],"medium_large":["https:\/\/teknodesarrollo.com\/wp-content\/uploads\/2025\/08\/AA25526-768x768.jpg",768,768,true],"large":["https:\/\/teknodesarrollo.com\/wp-content\/uploads\/2025\/08\/AA25526.jpg",1000,1000,false],"1536x1536":["https:\/\/teknodesarrollo.com\/wp-content\/uploads\/2025\/08\/AA25526.jpg",1000,1000,false],"2048x2048":["https:\/\/teknodesarrollo.com\/wp-content\/uploads\/2025\/08\/AA25526.jpg",1000,1000,false],"mailpoet_newsletter_max":["https:\/\/teknodesarrollo.com\/wp-content\/uploads\/2025\/08\/AA25526.jpg",1000,1000,false],"woocommerce_thumbnail":["https:\/\/teknodesarrollo.com\/wp-content\/uploads\/2025\/08\/AA25526-300x300.jpg",300,300,true],"woocommerce_single":["https:\/\/teknodesarrollo.com\/wp-content\/uploads\/2025\/08\/AA25526-600x600.jpg",600,600,true],"woocommerce_gallery_thumbnail":["https:\/\/teknodesarrollo.com\/wp-content\/uploads\/2025\/08\/AA25526-100x100.jpg",100,100,true]},"uagb_author_info":{"display_name":"tekno","author_link":"https:\/\/teknodesarrollo.com\/?author=0"},"uagb_comment_info":3,"uagb_excerpt":"AA25526 SECAMANOS JET TIF\u00d3N FILTRO HEPA EVAPORACI\u00d3N AUTOM\u00c1TICA PLATA Fabricado en ABS antibacteriano. Filtro Hepa de gran tama\u00f1o y larga duraci\u00f3n, m\u00e1s ambientador marino. Se acciona introduciendo las manos verticalmente en la parte superior para que \u00e9stas sean detectadas por los sensores y se genere una descarga de aire hasta retirar las manos. Cuenta con&hellip;","jetpack_sharing_enabled":true,"_links":{"self":[{"href":"https:\/\/teknodesarrollo.com\/index.php?rest_route=\/wp\/v2\/product\/1134","targetHints":{"allow":["GET"]}}],"collection":[{"href":"https:\/\/teknodesarrollo.com\/index.php?rest_route=\/wp\/v2\/product"}],"about":[{"href":"https:\/\/teknodesarrollo.com\/index.php?rest_route=\/wp\/v2\/types\/product"}],"replies":[{"embeddable":true,"href":"https:\/\/teknodesarrollo.com\/index.php?rest_route=%2Fwp%2Fv2%2Fcomments&post=1134"}],"wp:featuredmedia":[{"embeddable":true,"href":"https:\/\/teknodesarrollo.com\/index.php?rest_route=\/wp\/v2\/media\/1135"}],"wp:attachment":[{"href":"https:\/\/teknodesarrollo.com\/index.php?rest_route=%2Fwp%2Fv2%2Fmedia&parent=1134"}],"wp:term":[{"taxonomy":"product_brand","embeddable":true,"href":"https:\/\/teknodesarrollo.com\/index.php?rest_route=%2Fwp%2Fv2%2Fproduct_brand&post=1134"},{"taxonomy":"product_cat","embeddable":true,"href":"https:\/\/teknodesarrollo.com\/index.php?rest_route=%2Fwp%2Fv2%2Fproduct_cat&post=1134"},{"taxonomy":"product_tag","embeddable":true,"href":"https:\/\/teknodesarrollo.com\/index.php?rest_route=%2Fwp%2Fv2%2Fproduct_tag&post=1134"}],"curies":[{"name":"wp","href":"https:\/\/api.w.org\/{rel}","templated":true}]}}