{"id":1110,"date":"2025-08-09T04:50:47","date_gmt":"2025-08-09T04:50:47","guid":{"rendered":"https:\/\/teknodesarrollo.com\/?post_type=product&#038;p=1110"},"modified":"2025-10-31T11:09:43","modified_gmt":"2025-10-31T11:09:43","slug":"secador-de-manos-alto-rendimiento-ave-negro","status":"publish","type":"product","link":"https:\/\/teknodesarrollo.com\/?product=secador-de-manos-alto-rendimiento-ave-negro","title":{"rendered":"SECADOR DE MANOS ALTO RENDIMIENTO AVE NEGRO"},"content":{"rendered":"<p><strong>Componentes y Materiales:<\/strong><\/p>\n<ul>\n<li>\u00a0Tapa fabricada en ABS<\/li>\n<li>\u00a0Componentes Internos fabricados en (ABS+PC)<\/li>\n<li>\u00a0Doble aislamiento el\u00e9ctrico.<\/li>\n<li>\u00a0Filtro standard para polvo y part\u00edculas.<\/li>\n<li>\u00a0Desconexi\u00f3n autom\u00e1tica de la resistencia cuando la temperatura ambiente 25\u00baC<\/li>\n<li>\u00a0Incluye Kit de instalaci\u00f3n<\/li>\n<\/ul>\n<p>&nbsp;<\/p>\n<p><strong>Caracter\u00edsticas T\u00e9cnicas<\/strong><\/p>\n<p><strong>Dimensiones en Mil\u00edmetros:<\/strong>\u00a0<strong>Alto:<\/strong>\u00a0330\u00a0<strong>Ancho:<\/strong>\u00a0265\u00a0<strong>Fondo:<\/strong>\u00a0170<\/p>\n<p><strong>Dimensiones en Pulgadas:<\/strong>\u00a0<strong>Alto:<\/strong>\u00a012.99\u2033\u00a0<strong>Alto:<\/strong>\u00a010.43\u2033\u00a0<strong>Fondo:<\/strong>\u00a06.69\u2033<\/p>\n<p><strong>Tensi\u00f3n:\u00a0<\/strong>125V 60Hz<\/p>\n<p><strong>Potencia Total:<\/strong>\u00a01400 W<\/p>\n<p><strong>Velocidad del Aire:<\/strong>\u00a0400 km\/h<\/p>\n<p><strong>Caudal Eficaz:<\/strong>\u00a0220 mA\/Hora<\/p>\n<p><strong>Peso:<\/strong>\u00a03,290 gr. \/ 7.25 lb<\/p>\n<p><strong>Clase:\u00a0<\/strong>II (No necesita toma de tierra)<\/p>\n<p><strong>Grado de protecci\u00f3n:\u00a0<\/strong>IP 23<\/p>\n<p><strong>Contenido por caja:<\/strong>\u00a01<\/p>\n<p><strong>Acabado:<\/strong>\u00a0Negro<\/p>\n","protected":false},"excerpt":{"rendered":"<p>AA19626<\/p>\n<p><strong>SECADOR DE MANOS ALTO RENDIMIENTO AVE NEGRO<\/strong><\/p>\n<p>Tapa blanca fabricada en ABS. Componentes internos de ABS+PC. Cuenta con filtro standard para polvo y part\u00edculas. Alta eficiencia y econom\u00eda de consumo.<\/p>\n<p>Recomendado para espacios reducidos y de alta rotaci\u00f3n.<\/p>\n","protected":false},"featured_media":1112,"comment_status":"open","ping_status":"closed","template":"","meta":{"_uag_custom_page_level_css":"","site-sidebar-layout":"default","site-content-layout":"","ast-site-content-layout":"default","site-content-style":"default","site-sidebar-style":"default","ast-global-header-display":"","ast-banner-title-visibility":"","ast-main-header-display":"","ast-hfb-above-header-display":"","ast-hfb-below-header-display":"","ast-hfb-mobile-header-display":"","site-post-title":"","ast-breadcrumbs-content":"","ast-featured-img":"","footer-sml-layout":"","theme-transparent-header-meta":"default","adv-header-id-meta":"","stick-header-meta":"","header-above-stick-meta":"","header-main-stick-meta":"","header-below-stick-meta":"","astra-migrate-meta-layouts":"set","ast-page-background-enabled":"default","ast-page-background-meta":{"desktop":{"background-color":"var(--ast-global-color-5)","background-image":"","background-repeat":"repeat","background-position":"center center","background-size":"auto","background-attachment":"scroll","background-type":"","background-media":"","overlay-type":"","overlay-color":"","overlay-opacity":"","overlay-gradient":""},"tablet":{"background-color":"","background-image":"","background-repeat":"repeat","background-position":"center center","background-size":"auto","background-attachment":"scroll","background-type":"","background-media":"","overlay-type":"","overlay-color":"","overlay-opacity":"","overlay-gradient":""},"mobile":{"background-color":"","background-image":"","background-repeat":"repeat","background-position":"center center","background-size":"auto","background-attachment":"scroll","background-type":"","background-media":"","overlay-type":"","overlay-color":"","overlay-opacity":"","overlay-gradient":""}},"ast-content-background-meta":{"desktop":{"background-color":"var(--ast-global-color-4)","background-image":"","background-repeat":"repeat","background-position":"center center","background-size":"auto","background-attachment":"scroll","background-type":"","background-media":"","overlay-type":"","overlay-color":"","overlay-opacity":"","overlay-gradient":""},"tablet":{"background-color":"var(--ast-global-color-4)","background-image":"","background-repeat":"repeat","background-position":"center center","background-size":"auto","background-attachment":"scroll","background-type":"","background-media":"","overlay-type":"","overlay-color":"","overlay-opacity":"","overlay-gradient":""},"mobile":{"background-color":"var(--ast-global-color-4)","background-image":"","background-repeat":"repeat","background-position":"center center","background-size":"auto","background-attachment":"scroll","background-type":"","background-media":"","overlay-type":"","overlay-color":"","overlay-opacity":"","overlay-gradient":""}},"_joinchat":[]},"product_brand":[],"product_cat":[48],"product_tag":[],"class_list":{"0":"post-1110","1":"product","2":"type-product","3":"status-publish","4":"has-post-thumbnail","6":"product_cat-secadores-de-manos-alto-rendimiento","7":"desktop-align-left","8":"tablet-align-left","9":"mobile-align-left","11":"first","12":"instock","13":"featured","14":"shipping-taxable","15":"product-type-simple"},"uagb_featured_image_src":{"full":["https:\/\/teknodesarrollo.com\/wp-content\/uploads\/2025\/08\/AA19626.jpg",1000,1000,false],"thumbnail":["https:\/\/teknodesarrollo.com\/wp-content\/uploads\/2025\/08\/AA19626-150x150.jpg",150,150,true],"medium":["https:\/\/teknodesarrollo.com\/wp-content\/uploads\/2025\/08\/AA19626-300x300.jpg",300,300,true],"medium_large":["https:\/\/teknodesarrollo.com\/wp-content\/uploads\/2025\/08\/AA19626-768x768.jpg",768,768,true],"large":["https:\/\/teknodesarrollo.com\/wp-content\/uploads\/2025\/08\/AA19626.jpg",1000,1000,false],"1536x1536":["https:\/\/teknodesarrollo.com\/wp-content\/uploads\/2025\/08\/AA19626.jpg",1000,1000,false],"2048x2048":["https:\/\/teknodesarrollo.com\/wp-content\/uploads\/2025\/08\/AA19626.jpg",1000,1000,false],"mailpoet_newsletter_max":["https:\/\/teknodesarrollo.com\/wp-content\/uploads\/2025\/08\/AA19626.jpg",1000,1000,false],"woocommerce_thumbnail":["https:\/\/teknodesarrollo.com\/wp-content\/uploads\/2025\/08\/AA19626-300x300.jpg",300,300,true],"woocommerce_single":["https:\/\/teknodesarrollo.com\/wp-content\/uploads\/2025\/08\/AA19626-600x600.jpg",600,600,true],"woocommerce_gallery_thumbnail":["https:\/\/teknodesarrollo.com\/wp-content\/uploads\/2025\/08\/AA19626-100x100.jpg",100,100,true]},"uagb_author_info":{"display_name":"tekno","author_link":"https:\/\/teknodesarrollo.com\/?author=0"},"uagb_comment_info":3,"uagb_excerpt":"AA19626 SECADOR DE MANOS ALTO RENDIMIENTO AVE NEGRO Tapa blanca fabricada en ABS. Componentes internos de ABS+PC. Cuenta con filtro standard para polvo y part\u00edculas. Alta eficiencia y econom\u00eda de consumo. Recomendado para espacios reducidos y de alta rotaci\u00f3n.","jetpack_sharing_enabled":true,"_links":{"self":[{"href":"https:\/\/teknodesarrollo.com\/index.php?rest_route=\/wp\/v2\/product\/1110","targetHints":{"allow":["GET"]}}],"collection":[{"href":"https:\/\/teknodesarrollo.com\/index.php?rest_route=\/wp\/v2\/product"}],"about":[{"href":"https:\/\/teknodesarrollo.com\/index.php?rest_route=\/wp\/v2\/types\/product"}],"replies":[{"embeddable":true,"href":"https:\/\/teknodesarrollo.com\/index.php?rest_route=%2Fwp%2Fv2%2Fcomments&post=1110"}],"wp:featuredmedia":[{"embeddable":true,"href":"https:\/\/teknodesarrollo.com\/index.php?rest_route=\/wp\/v2\/media\/1112"}],"wp:attachment":[{"href":"https:\/\/teknodesarrollo.com\/index.php?rest_route=%2Fwp%2Fv2%2Fmedia&parent=1110"}],"wp:term":[{"taxonomy":"product_brand","embeddable":true,"href":"https:\/\/teknodesarrollo.com\/index.php?rest_route=%2Fwp%2Fv2%2Fproduct_brand&post=1110"},{"taxonomy":"product_cat","embeddable":true,"href":"https:\/\/teknodesarrollo.com\/index.php?rest_route=%2Fwp%2Fv2%2Fproduct_cat&post=1110"},{"taxonomy":"product_tag","embeddable":true,"href":"https:\/\/teknodesarrollo.com\/index.php?rest_route=%2Fwp%2Fv2%2Fproduct_tag&post=1110"}],"curies":[{"name":"wp","href":"https:\/\/api.w.org\/{rel}","templated":true}]}}